{"id":5229,"date":"2021-07-07T13:13:33","date_gmt":"2021-07-07T13:13:33","guid":{"rendered":"https:\/\/www.youteconsulting.com\/politica-de-cookies\/"},"modified":"2021-07-23T12:08:02","modified_gmt":"2021-07-23T12:08:02","slug":"politique-de-cookies","status":"publish","type":"page","link":"https:\/\/www.youteconsulting.com\/fr\/politique-de-cookies\/","title":{"rendered":"Politique de cookies"},"content":{"rendered":"<div class=\"bt_bb_wrapper\"><section id=\"nuestros-sectores\"  class=\"bt_bb_section bt_bb_top_spacing_large bt_bb_bottom_spacing_large bt_bb_layout_boxed_1200 bt_bb_vertical_align_top\" ><div class=\"bt_bb_port\"><div class=\"bt_bb_cell\"><div class=\"bt_bb_cell_inner\"><div class=\"bt_bb_row_wrapper\"><div  class=\"bt_bb_row\" ><div  class=\"bt_bb_column col-xl-2 bt_bb_align_left bt_bb_vertical_align_top bt_bb_padding_normal\"  data-width=\"2\" data-bt-override-class=\"{}\"><div class=\"bt_bb_column_content\"><\/div><\/div><div  class=\"bt_bb_column col-xl-8 bt_bb_align_center bt_bb_vertical_align_top bt_bb_animation_fade_in move_up animate bt_bb_padding_normal bt_bb_animation_fade_in bt_bb_animation_move_up animate\"  data-width=\"8\" data-bt-override-class=\"{}\"><div class=\"bt_bb_column_content\"><header class=\"bt_bb_headline bt_bb_dash_none bt_bb_size_large bt_bb_align_inherit\" data-bt-override-class=\"{&quot;bt_bb_size_&quot;:{&quot;current_class&quot;:&quot;bt_bb_size_large&quot;,&quot;xl&quot;:&quot;large&quot;},&quot;bt_bb_align_&quot;:{&quot;current_class&quot;:&quot;bt_bb_align_inherit&quot;,&quot;xl&quot;:&quot;inherit&quot;}}\"><h1 style=\"font-size:46px\" class=\"bt_bb_headline_tag\"><span class=\"bt_bb_headline_content\"><span>Politique de cookies<br \/>\r\n<\/span><\/span><\/h1><\/header><div class=\"bt_bb_separator bt_bb_bottom_spacing_medium bt_bb_border_style_none\"><\/div><div class=\"bt_bb_separator bt_bb_top_spacing_small bt_bb_bottom_spacing_small bt_bb_border_style_solid\" style=\"border-color: #F7983A;; border-width: 3px\"><\/div><div class=\"bt_bb_separator bt_bb_bottom_spacing_medium bt_bb_border_style_none\"><\/div><\/div><\/div><div  class=\"bt_bb_column col-xl-2 bt_bb_align_left bt_bb_vertical_align_top bt_bb_padding_normal\"  data-width=\"2\" data-bt-override-class=\"{}\"><div class=\"bt_bb_column_content\"><\/div><\/div><\/div><\/div><div class=\"bt_bb_row_wrapper\"><div  class=\"bt_bb_row content-legal\" ><div  class=\"bt_bb_column col-xl-12 col-xs-12 col-sm-12 col-md-12 col-lg-12 bt_bb_align_left bt_bb_vertical_align_top bt_bb_padding_normal\"  data-width=\"12\" data-bt-override-class=\"{}\"><div class=\"bt_bb_column_content\"><div  class=\"bt_bb_text\" style=\"text-align: justify;\"><p><span style=\"font-weight: 400;\">Bienvenue sur le site web de Youtec Consulting.<\/span><\/p>\n<p><span style=\"font-weight: 400;\">Pour votre information, nous expliquons la politique de <\/span><span style=\"font-weight: 400;\">Youtec Consulting<\/span><span style=\"font-weight: 400;\"> concernant l\u2019utilisation de \u00ab cookies \u00bb.<\/span><\/p>\n<p><span style=\"font-weight: 400;\">Nous utilisons nos propres cookies et ceux de tiers pour vous fournir notre contenu. Si vous continuez \u00e0 naviguer sur ce site, il est entendu que vous avez \u00e9t\u00e9 inform\u00e9 de et accept\u00e9 l\u2019installation et l\u2019utilisation de cookies.<\/span><\/p>\n<h3>QU\u2019EST-CE QUE LES COOKIES<\/h3>\n<p><span style=\"font-weight: 400;\">Les cookies sont un outil utilis\u00e9 par les serveurs Web pour stocker et r\u00e9cup\u00e9rer des informations sur leurs utilisateurs. Ce n\u2019est rien de plus qu\u2019un fichier texte que certains serveurs demandent au navigateur d\u2019\u00e9crire sur votre disque dur, avec des informations sur ce qui a \u00e9t\u00e9 fait sur la page. Ils ont une date d\u2019expiration, qui peut aller de la dur\u00e9e de la session \u00e0 une date ult\u00e9rieure sp\u00e9cifi\u00e9e, apr\u00e8s laquelle ils cessent d\u2019\u00eatre op\u00e9rationnels.<\/span><\/p>\n<p><span style=\"font-weight: 400;\">Pour plus d\u2019informations, visitez le site Web du D\u00e9partement de Traitement de l\u2019Information et de la Codification du Conseil National de la Recherche Espagnol (Consejo Superior de Investigaciones Cient\u00edficas).<\/span><\/p>\n<h3>UTILISATION DE COOKIES<\/h3>\n<p><span style=\"font-weight: 400;\">YOUTEC CONSULTING S.L.<\/span><span style=\"font-weight: 400;\"> utilise des cookies pour faciliter la navigation sur son portail et pour obtenir une plus grande efficacit\u00e9 et personnalisation des services propos\u00e9s aux utilisateurs.<\/span><\/p>\n<p><span style=\"font-weight: 400;\">Les \u00ab cookies \u00bb utilis\u00e9s par <\/span><span style=\"font-weight: 400;\">YOUTEC CONSULTING S.L.<\/span><span style=\"font-weight: 400;\"> sont uniquement associ\u00e9s \u00e0 un utilisateur anonyme et \u00e0 son ordinateur, ne fournissent pas de r\u00e9f\u00e9rences permettant de d\u00e9duire le pr\u00e9nom et le nom de l\u2019utilisateur et ne peuvent pas lire les donn\u00e9es de leur disque dur ni inclure de virus dans leurs textes.<\/span><\/p>\n<p><span style=\"font-weight: 400;\">De m\u00eame, <\/span><span style=\"font-weight: 400;\">YOUTEC CONSULTING S.L.<\/span><span style=\"font-weight: 400;\"> ne peut pas lire les \u00ab cookies \u00bb implant\u00e9s sur le disque dur de l\u2019utilisateur \u00e0 partir d\u2019autres serveurs.<\/span><\/p>\n<h3>TYPES DE COOKIES<\/h3>\n<p><span style=\"font-weight: 400;\">Les cookies sont divis\u00e9s en plusieurs types: \u00ab cookies de session \u00bb, \u00ab cookies persistants \u00bb, \u00ab cookies propri\u00e9taires \u00bb, \u00ab cookies tiers \u00bb, \u00ab cookies d\u2019analyse \u00bb et \u00ab cookies publicitaires \u00bb.<\/span><\/p>\n<ul>\n<li style=\"font-weight: 400;\" aria-level=\"1\"><span style=\"font-weight: 400;\">Cookies propri\u00e9taires: Les cookies que nous envoyons \u00e0 votre ordinateur ou \u00e0 votre terminal \u00e0 partir de notre site Web.<\/span><\/li>\n<li style=\"font-weight: 400;\" aria-level=\"1\"><span style=\"font-weight: 400;\">Cookies tiers: ceux qui sont envoy\u00e9s \u00e0 votre ordinateur ou \u00e0 votre terminal \u00e0 partir d\u2019un domaine ou d\u2019un site Web qui n\u2019est pas g\u00e9r\u00e9 par nous, mais par une autre entit\u00e9 qui traite les donn\u00e9es obtenues \u00e0 l\u2019aide de cookies.<\/span><\/li>\n<li style=\"font-weight: 400;\" aria-level=\"1\"><span style=\"font-weight: 400;\">Cookies de session: con\u00e7us pour stocker des donn\u00e9es lors de la navigation sur notre site Web, mais pas sur l\u2019ordinateur de l\u2019utilisateur; ils disparaissent \u00e0 la fin de la session.<\/span><\/li>\n<li style=\"font-weight: 400;\" aria-level=\"1\"><span style=\"font-weight: 400;\">Cookies persistants: Il s\u2019agit d\u2019un type de cookie dans lequel les donn\u00e9es restent stock\u00e9es dans le terminal de l\u2019utilisateur. Elles peuvent \u00eatre consult\u00e9es et trait\u00e9es pendant un certain temps et peuvent aller de quelques minutes \u00e0 plusieurs ann\u00e9es. <\/span><span style=\"font-weight: 400;\">Youtec Consulting<\/span><span style=\"font-weight: 400;\"> ne stockera pas de cookies persistants.<\/span><\/li>\n<li style=\"font-weight: 400;\" aria-level=\"1\"><span style=\"font-weight: 400;\">Cookies d\u2019analyse: ceux qui, trait\u00e9s par nous ou par des tiers, nous permettent de quantifier le nombre d\u2019utilisateurs et d\u2019effectuer la mesure et l\u2019analyse statistique de l\u2019utilisation faite par les utilisateurs de notre site Web. \u00c0 cette fin, nous analysons la navigation sur notre site Web afin d\u2019am\u00e9liorer la gamme de produits ou de services que nous proposons.<\/span><\/li>\n<li style=\"font-weight: 400;\" aria-level=\"1\"><span style=\"font-weight: 400;\">Cookies publicitaires: ceux qui permettent la gestion la plus efficace possible des espaces publicitaires de notre page Web en fonction de crit\u00e8res tels que le contenu \u00e9dit\u00e9 ou la fr\u00e9quence d\u2019affichage des publicit\u00e9s ou en fonction du comportement des utilisateurs obtenus par l\u2019observation continue de leurs habitudes de navigation, ce qui permet de d\u00e9velopper un profil sp\u00e9cifique pour afficher la publicit\u00e9 en fonction de celle-ci.<\/span><\/li>\n<\/ul>\n<h3>COOKIES<\/h3>\n<p><span style=\"font-weight: 400;\">Plus pr\u00e9cis\u00e9ment, la liste des cookies sur le site Web de <\/span><span style=\"font-weight: 400;\">Youtec Consulting<\/span><span style=\"font-weight: 400;\"> est la suivante:<\/span><\/p>\n<p><strong>COOKIES PROPRIETAIRES<\/strong><\/p>\n<p><span style=\"font-weight: 400;\">Nous configurons des cookies fonctionnels pour m\u00e9moriser les param\u00e8tres d\u00e9finis sur ce site, tels que vos pr\u00e9f\u00e9rences de langue.<\/span><\/p>\n<table>\n<tbody>\n<tr>\n<td><span style=\"font-weight: 400;\">Cookie<\/span><\/td>\n<td><span style=\"font-weight: 400;\">Description<\/span><\/td>\n<td><span style=\"font-weight: 400;\">Dur\u00e9e<\/span><\/td>\n<\/tr>\n<tr>\n<td><span style=\"font-weight: 400;\">utma<\/span><\/td>\n<td><span style=\"font-weight: 400;\">Leur objectif est d\u2019analyser l\u2019utilisation du site par l\u2019utilisateur.<\/span><\/td>\n<td><span style=\"font-weight: 400;\">2 ans<\/span><\/td>\n<\/tr>\n<tr>\n<td><span style=\"font-weight: 400;\">utmb<\/span><\/td>\n<td><span style=\"font-weight: 400;\">Expire 30 minutes apr\u00e8s la derni\u00e8re mise \u00e0 jour.<\/span><\/td>\n<td><span style=\"font-weight: 400;\">Session<\/span><\/td>\n<\/tr>\n<tr>\n<td><span style=\"font-weight: 400;\">utmv<\/span><\/td>\n<td><span style=\"font-weight: 400;\">Il s\u2019agit d\u2019un cookie facultatif. Il est uniquement utilis\u00e9 lorsque, sur la base des donn\u00e9es obtenues dans le contact, nous souhaitons segmenter ult\u00e9rieurement des donn\u00e9es d\u00e9mographiques telles que le sexe ou l\u2019\u00e2ge des visiteurs.<\/span><\/td>\n<td><span style=\"font-weight: 400;\">Session<\/span><\/td>\n<\/tr>\n<\/tbody>\n<\/table>\n<p><strong>COOKIES FONCTIONNELS<\/strong><\/p>\n<p><span style=\"font-weight: 400;\">Nous configurons des cookies fonctionnels pour m\u00e9moriser les param\u00e8tres d\u00e9finis sur ce site, tels que vos pr\u00e9f\u00e9rences de langue.<\/span><\/p>\n<table>\n<tbody>\n<tr>\n<td><span style=\"font-weight: 400;\">Cookie<\/span><\/td>\n<td><span style=\"font-weight: 400;\">Description<\/span><\/td>\n<td><span style=\"font-weight: 400;\">Dur\u00e9e<\/span><\/td>\n<\/tr>\n<tr>\n<td><span style=\"font-weight: 400;\">wpml_referer_url<\/span><\/td>\n<td><span style=\"font-weight: 400;\">Active le contenu multilingue sur le Web.<\/span><\/td>\n<td><span style=\"font-weight: 400;\">6 mois<\/span><\/td>\n<\/tr>\n<tr>\n<td><span style=\"font-weight: 400;\">_id_current_language<\/span><\/td>\n<td><span style=\"font-weight: 400;\">Enregistre les informations de la langue pr\u00e9f\u00e9r\u00e9e de l\u2019utilisateur.<\/span><\/td>\n<td><span style=\"font-weight: 400;\">Session<\/span><\/td>\n<\/tr>\n<tr>\n<td><span style=\"font-weight: 400;\">Langue s\u00e9lectionn\u00e9ee<\/span><\/td>\n<td><span style=\"font-weight: 400;\">Ce cookie est utilis\u00e9 pour suivre la pr\u00e9f\u00e9rence linguistique du visiteur.<\/span><\/td>\n<td><span style=\"font-weight: 400;\">1 an<\/span><\/td>\n<\/tr>\n<\/tbody>\n<\/table>\n<p><strong>COOKIES DE PERFORMANCE<\/strong><\/p>\n<p><span style=\"font-weight: 400;\">Nous travaillons continuellement \u00e0 am\u00e9liorer le contenu, les fonctionnalit\u00e9s et la navigation de <\/span><span style=\"font-weight: 400;\">Youtec Consulting<\/span><span style=\"font-weight: 400;\"> pour vous. Pour ce faire, nous utilisons des outils d\u2019analyse tels que Google Analytics et Google Optimize, qui nous aident \u00e0 comprendre comment les utilisateurs naviguent sur le site de mani\u00e8re anonyme, \u00e0 agr\u00e9ger et \u00e0 am\u00e9liorer la pertinence de notre contenu.<\/span><\/p>\n<p><span style=\"font-weight: 400;\">Si vous n\u2019autorisez pas ces cookies, nous ne saurons pas que vous avez visit\u00e9 notre site Web et nous ne serons pas en mesure de contr\u00f4ler vos performances, la qualit\u00e9 et la pertinence de votre contenu.<\/span><\/p>\n<table>\n<tbody>\n<tr>\n<td><span style=\"font-weight: 400;\">Cookie<\/span><\/td>\n<td><span style=\"font-weight: 400;\">Description<\/span><\/td>\n<td><span style=\"font-weight: 400;\">Dur\u00e9e<\/span><\/td>\n<\/tr>\n<tr>\n<td><span style=\"font-weight: 400;\">_ga<\/span><\/td>\n<td><span style=\"font-weight: 400;\">Ce cookie est associ\u00e9 \u00e0 Google Analytics. Il est utilis\u00e9 pour distinguer les utilisateurs uniques en attribuant un num\u00e9ro g\u00e9n\u00e9r\u00e9 al\u00e9atoirement comme identifiant client. Il est inclus dans chaque demande de page d\u2019un site et est utilis\u00e9 pour calculer les donn\u00e9es sur les visiteurs, les sessions et les campagnes pour les rapports analytiques des sites.<\/span><\/td>\n<td><span style=\"font-weight: 400;\">2 ans<\/span><\/td>\n<\/tr>\n<tr>\n<td><span style=\"font-weight: 400;\">_gid<\/span><\/td>\n<td><span style=\"font-weight: 400;\">Ce cookie est associ\u00e9 \u00e0 Google Analytics. Il est utilis\u00e9 pour distinguer les utilisateurs.<\/span><\/td>\n<td><span style=\"font-weight: 400;\">24 heures<\/span><\/td>\n<\/tr>\n<tr>\n<td><span style=\"font-weight: 400;\">_dc_gtm_ua-#<\/span><\/td>\n<td><span style=\"font-weight: 400;\">Utilis\u00e9 par Google Tag Manager pour contr\u00f4ler le chargement d\u2019une balise de script de Google Analytics.<\/span><\/td>\n<td><span style=\"font-weight: 400;\">Session<\/span><\/td>\n<\/tr>\n<\/tbody>\n<\/table>\n<h3>CONSENTEMENT<\/h3>\n<p><span style=\"font-weight: 400;\">En naviguant et en continuant sur notre site Web, vous consentez \u00e0 l\u2019utilisation des cookies susmentionn\u00e9s, pour les p\u00e9riodes indiqu\u00e9es et dans les conditions contenues dans la pr\u00e9sente politique de cookies.<\/span><\/p>\n<p><span style=\"font-weight: 400;\">Nous vous informons que, les cookies n\u2019\u00e9tant pas indispensables \u00e0 l\u2019utilisation de notre site Web, vous pouvez les bloquer ou les d\u00e9sactiver en activant la configuration de votre navigateur, qui vous permet de refuser l\u2019installation de tous les cookies ou de certains d\u2019entre eux. La plupart des navigateurs vous permettent d\u2019avertir de la pr\u00e9sence de cookies ou de les rejeter automatiquement. Si vous refusez les cookies, vous pouvez continuer \u00e0 utiliser notre site Web, bien que l\u2019utilisation de certains de ses services puisse \u00eatre limit\u00e9e et, par cons\u00e9quent, votre exp\u00e9rience sur notre site Web puisse \u00eatre moins satisfaisante.<\/span><\/p>\n<p><span style=\"font-weight: 400;\">Vous trouverez des informations sur la proc\u00e9dure \u00e0 suivre dans les liens suivants, en fonction du navigateur que vous utilisez:<\/span><\/p>\n<p><span style=\"font-weight: 400;\">Chrome: <\/span><a href=\"http:\/\/support.google.com\/chrome\/bin\/answer.py?hl=es&amp;answer=95647\"><span style=\"font-weight: 400;\">http:\/\/support.google.com\/chrome\/bin\/answer.py?hl=es&amp;answer=95647<\/span><\/a><\/p>\n<p><span style=\"font-weight: 400;\">Firefox: <\/span><a href=\"https:\/\/support.mozilla.org\/es\/kb\/habilitar-y-deshabilitar-cookies-sitios-web-rastrear-preferencias\"><span style=\"font-weight: 400;\">https:\/\/support.mozilla.org\/es\/kb\/habilitar-y-deshabilitar-cookies-sitios-web-rastrear-preferencias<\/span><\/a><\/p>\n<p><span style=\"font-weight: 400;\">Explorer: <\/span><a href=\"http:\/\/windows.microsoft.com\/es-es\/windows7\/how-to-manage-cookies-in-internet-explorer-9\"><span style=\"font-weight: 400;\">http:\/\/windows.microsoft.com\/es-es\/windows7\/how-to-manage-cookies-in-internet-explorer-9<\/span><\/a><\/p>\n<p><span style=\"font-weight: 400;\">Safari: <\/span><a href=\"http:\/\/support.apple.com\/kb\/ph5042\"><span style=\"font-weight: 400;\">http:\/\/support.apple.com\/kb\/ph5042<\/span><\/a><\/p>\n<p><span style=\"font-weight: 400;\">Opera: <\/span><a href=\"https:\/\/help.opera.com\/en\/latest\/web-preferences\/#cookies\"><span style=\"font-weight: 400;\">http:\/\/help.opera.com\/Windows\/11.50\/es-ES\/cookies.html<\/span><\/a><\/p>\n<p><span style=\"font-weight: 400;\">Si vous le souhaitez, vous pouvez regarder les vid\u00e9os d\u00e9velopp\u00e9es par l\u2019Agence espagnole de protection des donn\u00e9es afin d\u2019expliquer comment configurer les options de confidentialit\u00e9 de diff\u00e9rentes plates-formes et \u00e9quipements.<\/span><\/p>\n<p><a href=\"https:\/\/www.aepd.es\/videos\/index.html\"><span style=\"font-weight: 400;\">https:\/\/www.aepd.es\/videos\/index.html<\/span><\/a><\/p>\n<h3>MISES \u00c0 JOUR ET MODIFICATIONS DE LA POLITIQUE DE COOKIE<\/h3>\n<p><span style=\"font-weight: 400;\">Youtec Consulting<\/span><span style=\"font-weight: 400;\"> peut modifier cette politique de cookie en fonction des exigences l\u00e9gales. Les utilisateurs doivent donc consulter notre politique de cookie avant la navigation.<\/span><\/p>\n<\/div><\/div><\/div><\/div><\/div><\/div><\/div><\/div><\/section><\/div>","protected":false},"excerpt":{"rendered":"","protected":false},"author":1,"featured_media":0,"parent":0,"menu_order":0,"comment_status":"closed","ping_status":"closed","template":"","meta":[],"_links":{"self":[{"href":"https:\/\/www.youteconsulting.com\/fr\/wp-json\/wp\/v2\/pages\/5229"}],"collection":[{"href":"https:\/\/www.youteconsulting.com\/fr\/wp-json\/wp\/v2\/pages"}],"about":[{"href":"https:\/\/www.youteconsulting.com\/fr\/wp-json\/wp\/v2\/types\/page"}],"author":[{"embeddable":true,"href":"https:\/\/www.youteconsulting.com\/fr\/wp-json\/wp\/v2\/users\/1"}],"replies":[{"embeddable":true,"href":"https:\/\/www.youteconsulting.com\/fr\/wp-json\/wp\/v2\/comments?post=5229"}],"version-history":[{"count":3,"href":"https:\/\/www.youteconsulting.com\/fr\/wp-json\/wp\/v2\/pages\/5229\/revisions"}],"predecessor-version":[{"id":5236,"href":"https:\/\/www.youteconsulting.com\/fr\/wp-json\/wp\/v2\/pages\/5229\/revisions\/5236"}],"wp:attachment":[{"href":"https:\/\/www.youteconsulting.com\/fr\/wp-json\/wp\/v2\/media?parent=5229"}],"curies":[{"name":"wp","href":"https:\/\/api.w.org\/{rel}","templated":true}]}}