{"id":5227,"date":"2021-07-07T13:10:29","date_gmt":"2021-07-07T13:10:29","guid":{"rendered":"https:\/\/www.youteconsulting.com\/politica-de-privacidad\/"},"modified":"2021-07-23T12:02:42","modified_gmt":"2021-07-23T12:02:42","slug":"politique-de-confidentialite","status":"publish","type":"page","link":"https:\/\/www.youteconsulting.com\/fr\/politique-de-confidentialite\/","title":{"rendered":"Politique de confidentialit\u00e9"},"content":{"rendered":"<div class=\"bt_bb_wrapper\"><section id=\"nuestros-sectores\"  class=\"bt_bb_section bt_bb_top_spacing_large bt_bb_bottom_spacing_large bt_bb_layout_boxed_1200 bt_bb_vertical_align_top\" ><div class=\"bt_bb_port\"><div class=\"bt_bb_cell\"><div class=\"bt_bb_cell_inner\"><div class=\"bt_bb_row_wrapper\"><div  class=\"bt_bb_row\" ><div  class=\"bt_bb_column col-xl-2 bt_bb_align_left bt_bb_vertical_align_top bt_bb_padding_normal\"  data-width=\"2\" data-bt-override-class=\"{}\"><div class=\"bt_bb_column_content\"><\/div><\/div><div  class=\"bt_bb_column col-xl-8 bt_bb_align_center bt_bb_vertical_align_top bt_bb_animation_fade_in move_up animate bt_bb_padding_normal bt_bb_animation_fade_in bt_bb_animation_move_up animate\"  data-width=\"8\" data-bt-override-class=\"{}\"><div class=\"bt_bb_column_content\"><header class=\"bt_bb_headline bt_bb_dash_none bt_bb_size_large bt_bb_align_inherit\" data-bt-override-class=\"{&quot;bt_bb_size_&quot;:{&quot;current_class&quot;:&quot;bt_bb_size_large&quot;,&quot;xl&quot;:&quot;large&quot;},&quot;bt_bb_align_&quot;:{&quot;current_class&quot;:&quot;bt_bb_align_inherit&quot;,&quot;xl&quot;:&quot;inherit&quot;}}\"><h1 style=\"font-size:46px\" class=\"bt_bb_headline_tag\"><span class=\"bt_bb_headline_content\"><span>Politique de confidentialit\u00e9<br \/>\r\n<\/span><\/span><\/h1><\/header><div class=\"bt_bb_separator bt_bb_bottom_spacing_medium bt_bb_border_style_none\"><\/div><div class=\"bt_bb_separator bt_bb_top_spacing_small bt_bb_bottom_spacing_small bt_bb_border_style_solid\" style=\"border-color: #F7983A;; border-width: 3px\"><\/div><div class=\"bt_bb_separator bt_bb_bottom_spacing_medium bt_bb_border_style_none\"><\/div><\/div><\/div><div  class=\"bt_bb_column col-xl-2 bt_bb_align_left bt_bb_vertical_align_top bt_bb_padding_normal\"  data-width=\"2\" data-bt-override-class=\"{}\"><div class=\"bt_bb_column_content\"><\/div><\/div><\/div><\/div><div class=\"bt_bb_row_wrapper\"><div  class=\"bt_bb_row content-legal\" ><div  class=\"bt_bb_column col-xl-12 col-xs-12 col-sm-12 col-md-12 col-lg-12 bt_bb_align_left bt_bb_vertical_align_top bt_bb_padding_normal\"  data-width=\"12\" data-bt-override-class=\"{}\"><div class=\"bt_bb_column_content\"><div  class=\"bt_bb_text\" style=\"text-align: justify;\"><p><span style=\"font-weight: 400;\">Bienvenue sur le site web de Youtec Consulting.<\/span><\/p>\n<p><span style=\"font-weight: 400;\">L\u2019acc\u00e8s et la navigation sur le site, ou l\u2019utilisation de ses services, implique l\u2019acceptation de la politique de confidentialit\u00e9 et de la notice l\u00e9gale.S\u2019il vous pla\u00eet, nous vous recommandons de lire attentivement nos conditions l\u00e9gales.<\/span><\/p>\n<h3>RESPONSABILIT\u00c9 ET EXERCICE DE VOS DROITS<\/h3>\n<p><span style=\"font-weight: 400;\">Le propri\u00e9taire des donn\u00e9es peut \u00e0 tout moment exercer ses droits d\u2019acc\u00e8s, de rectification, d\u2019annulation, d\u2019opposition, de limitation, de portabilit\u00e9 et d\u2019oubli, par communication \u00e9crite adress\u00e9e \u00e0 notre responsable de la confidentialit\u00e9 \u00e0 l\u2019adresse suivante: <\/span><span style=\"font-weight: 400;\">Youtec Consulting<\/span><span style=\"font-weight: 400;\">, <\/span><span style=\"font-weight: 400;\">Calle Cantueso, 9 \u2013 BJ, Navalafuente,\u00a0 28729<\/span><span style=\"font-weight: 400;\"> Madrid,, Espagne ou via l\u2019adresse e-mail: <\/span><a href=\"mailto:info@youteconsulting.com\"><span style=\"font-weight: 400;\">info@youteconsulting.com<\/span><\/a><span style=\"font-weight: 400;\">,<\/span> <span style=\"font-weight: 400;\">en fournissant une copie de votre pi\u00e8ce d\u2019identit\u00e9 ou un document \u00e9quivalent, et en pr\u00e9cisant en d\u00e9tail le droit demand\u00e9.<\/span><\/p>\n<h3>DONN\u00c9ES PERSONNELLES<\/h3>\n<p><span style=\"font-weight: 400;\">L\u2019acc\u00e8s des utilisateurs au site Web <\/span><span style=\"font-weight: 400;\">www.youteconsulting.com<\/span><span style=\"font-weight: 400;\"> peut impliquer le traitement de donn\u00e9es \u00e0 caract\u00e8re personnel et des services de la soci\u00e9t\u00e9 de l\u2019information. Lorsque vous envoyez une demande d\u2019informations, que vous nous contactez ou que vous nous communiquez votre curriculum vitae, nous pouvons vous demander de nous fournir une s\u00e9rie de donn\u00e9es et d\u2019informations personnelles telles que, sans s\u2019y limiter, votre nom, pr\u00e9nom, adresse, email , contact t\u00e9l\u00e9phonique.<\/span><\/p>\n<p><span style=\"font-weight: 400;\">En envoyant des donn\u00e9es personnelles, qu\u2019elles soient obligatoires pour fournir le service ou des informations ou des donn\u00e9es suppl\u00e9mentaires pour compl\u00e9ter vos informations et votre demande, vous acceptez qu\u2019elles soient vraies et exactes, c\u2019est-\u00e0-dire qu\u2019elles r\u00e9pondent \u00e0 votre situation r\u00e9elle.<\/span><\/p>\n<h3>UTILISATION DES INFORMATIONS ET DES DONN\u00c9ES QUE VOUS NOUS FOURNIS<\/h3>\n<p><span style=\"font-weight: 400;\">YOUTEC CONSULTING S.L.<\/span><span style=\"font-weight: 400;\"> utilisera les informations que vous fournissez aux fins suivantes:<\/span><\/p>\n<p><span style=\"font-weight: 400;\">\u2013 Traitement des donn\u00e9es pour les communications<\/span><\/p>\n<p><span style=\"font-weight: 400;\">Lorsque vous envoyez les informations et \/ ou donn\u00e9es, vous donnerez votre consentement explicite pour traiter vos donn\u00e9es, ainsi que pour effectuer des communications relatives aux informations que vous nous avez demand\u00e9es via notre formulaire de contact sur les produits et services, relatives \u00e0 notre compagnie.<\/span><\/p>\n<p><span style=\"font-weight: 400;\">\u2013 Traitement des donn\u00e9es sur les informations CV.<\/span><\/p>\n<p><span style=\"font-weight: 400;\">En envoyant les informations et \/ ou les donn\u00e9es, vous donnez votre consentement explicite au traitement de vos donn\u00e9es dans le but d\u2019une possible participation aux processus de s\u00e9lection du personnel effectu\u00e9s par <\/span><span style=\"font-weight: 400;\">Youtec Consulting<\/span><span style=\"font-weight: 400;\"> ou par les entit\u00e9s qu\u2019il consid\u00e8re.<\/span><\/p>\n<p><span style=\"font-weight: 400;\">La base qui l\u00e9gitime le traitement est votre consentement \u00e0 envoyer de telles informations. \u00c0 tout moment, vous pouvez r\u00e9voquer votre consentement en \u00e9crivant \u00e0 l\u2019adresse \u00e9lectronique <\/span><a href=\"mailto:info@youteconsulting.com\"><span style=\"font-weight: 400;\">info@youteconsulting.com<\/span><\/a><span style=\"font-weight: 400;\">.<\/span><\/p>\n<h3>SECURITE DE VOS DONNEES<\/h3>\n<p><span style=\"font-weight: 400;\">Youtec Consulting<\/span><span style=\"font-weight: 400;\"> a mis en place des mesures de s\u00e9curit\u00e9 pour garantir l\u2019acc\u00e8s, la confidentialit\u00e9 et l\u2019int\u00e9grit\u00e9, ainsi que pour pr\u00e9venir toute perte, mauvaise utilisation et \/ ou alt\u00e9ration des donn\u00e9es que vous avez fournies.<\/span><\/p>\n<p><span style=\"font-weight: 400;\">Youtec Consulting<\/span><span style=\"font-weight: 400;\"> n\u2019est pas responsable des vuln\u00e9rabilit\u00e9s conditionn\u00e9es par les syst\u00e8mes ou tout autre m\u00e9canisme, logiciel ou mat\u00e9riel de tiers. <\/span><span style=\"font-weight: 400;\">Youtec Consulting<\/span><span style=\"font-weight: 400;\"> s\u2019engage \u00e0 garantir la s\u00e9curit\u00e9 maximale des informations en fonction de ses processus et moyens disponibles. Par cons\u00e9quent, il n\u2019est pas responsable de la vuln\u00e9rabilit\u00e9 \u00e9ventuelle des donn\u00e9es que vous avez fournies.<\/span><\/p>\n<h3>DONN\u00c9ES DE NAVIGATION SUR www.youteconsulting.com<\/h3>\n<p><span style=\"font-weight: 400;\">En cas de navigation, <\/span><span style=\"font-weight: 400;\">Youtec Consulting<\/span><span style=\"font-weight: 400;\"> enregistrera seulement, s\u2019il le consid\u00e8re, certaines donn\u00e9es afin d\u2019obtenir des donn\u00e9es statistiques sur, sans s\u2019y limiter, le domaine du fournisseur, la date et l\u2019heure d\u2019acc\u00e8s au site Web et le nombre de visiteurs par page.<\/span><\/p>\n<p><span style=\"font-weight: 400;\">De plus, afin de conna\u00eetre l\u2019efficacit\u00e9 des banni\u00e8res et des liens pointant vers notre site, nous identifierons \u00e9galement le lien d\u2019origine de la visite. Toutes les informations obtenues sont totalement anonymes et ne peuvent en aucun cas \u00eatre utilis\u00e9es pour identifier un utilisateur sp\u00e9cifique ou une association possible avec une personne en particulier, elles servent simplement \u00e0 am\u00e9liorer le service que nous offrons \u00e0 nos visiteurs.<\/span><\/p>\n<h3>DROITS DE L\u2019UTILISATEUR ET ACC\u00c8S \u00c0 L\u2019INFORMATION<\/h3>\n<p><span style=\"font-weight: 400;\">Conform\u00e9ment aux r\u00e9glementations communautaires en vigueur (r\u00e8glement UE 679\/2016 du 27 avril) et espagnol (loi organique 3\/2018 du 5 d\u00e9cembre), vous avez la possibilit\u00e9 d\u2019exercer les droits personnels suivants, certifiant authentiquement votre identit\u00e9 soit par des moyens \u00e9lectroniques (dans le cas de communications et de courriels), soit par une communication \u00e9crite adress\u00e9e \u00e0 notre responsable de confidentialit\u00e9. Vos droits sont les suivants:<\/span><\/p>\n<ul>\n<li style=\"font-weight: 400;\" aria-level=\"1\"><span style=\"font-weight: 400;\">Vous avez le droit de r\u00e9voquer votre consentement et de nous demander de ne pas traiter vos donn\u00e9es personnelles \u00e0 des fins commerciales, ni de vous envoyer des communications par courrier \u00e9lectronique.<\/span><\/li>\n<li style=\"font-weight: 400;\" aria-level=\"1\"><span style=\"font-weight: 400;\">Droit d\u2019acc\u00e8s aux informations que nous avons sur vous, en pr\u00e9cisant les finalit\u00e9s du traitement que nous effectuons et les communications que nous avons effectu\u00e9es \u00e0 des administrations et entreprises tierces, soit parce qu\u2019elles sont autoris\u00e9es par la loi, soit parce qu\u2019elles sont n\u00e9cessaires \u00e0 la fourniture du service que vous nous avez demand\u00e9, ou parce que vous avez donn\u00e9 votre consentement pr\u00e9alable.<\/span><\/li>\n<li style=\"font-weight: 400;\" aria-level=\"1\"><span style=\"font-weight: 400;\">Droit de rectification de vos donn\u00e9es, par lequel nous mettrons \u00e0 jour les informations que nous avons selon les informations que vous avez fournies.<\/span><\/li>\n<li style=\"font-weight: 400;\" aria-level=\"1\"><span style=\"font-weight: 400;\">Droit \u00e0 la suppression de vos donn\u00e9es, une fois que les d\u00e9lais l\u00e9gaux de conservation \u00e9tablis par les r\u00e8glements d\u2019application ont \u00e9t\u00e9 remplis.<\/span><\/li>\n<li style=\"font-weight: 400;\" aria-level=\"1\"><span style=\"font-weight: 400;\">Le droit de nous opposer \u00e0 la r\u00e9alisation de toute activit\u00e9 de traitement de vos donn\u00e9es en r\u00e9voquant votre autorisation \/ consentement.<\/span><\/li>\n<li style=\"font-weight: 400;\" aria-level=\"1\"><span style=\"font-weight: 400;\">Le droit de limiter le traitement de vos donn\u00e9es, par exemple si vous d\u00e9posez une plainte ou souhaitez que nous conservions vos donn\u00e9es pendant une p\u00e9riode plus longue, en \u00e9vitant de les supprimer.<\/span><\/li>\n<li style=\"font-weight: 400;\" aria-level=\"1\"><span style=\"font-weight: 400;\">Droit \u00e0 la portabilit\u00e9 de vos donn\u00e9es, par lequel nous vous fournirons dans un format de fichier de lecture commun les donn\u00e9es que vous nous avez fournies au moment de votre inscription en tant qu\u2019utilisateur.<\/span><\/li>\n<\/ul>\n<p><span style=\"font-weight: 400;\">De plus, nous vous informons que vous pouvez toujours vous adresser \u00e0 l\u2019Autorit\u00e9 de Contr\u00f4le Espagnole pour la Protection des Donn\u00e9es (Agencia Espa\u00f1ola de Protecci\u00f3n de Datos, <\/span><a href=\"http:\/\/www.agpd.es\/\"><span style=\"font-weight: 400;\">www.agpd.es<\/span><\/a><span style=\"font-weight: 400;\">) pour demander votre protection ou d\u00e9poser une r\u00e9clamation en relation avec le traitement de donn\u00e9es \u00e0 caract\u00e8re personnel.<\/span><\/p>\n<p><span style=\"font-weight: 400;\">Notre site Web <\/span><span style=\"font-weight: 400;\">www.youteconsulting.com<\/span><span style=\"font-weight: 400;\"> peut contenir des liens en provenance et \u00e0 destination d\u2019autres sites Web, que ce soit nos partenaires, associ\u00e9s, soci\u00e9t\u00e9s associ\u00e9es, entre autres. Si vous acc\u00e9dez \u00e0 ces pages, n\u2019oubliez pas que des donn\u00e9es ou informations personnelles vous seront \u00e9ventuellement demand\u00e9es. Par cons\u00e9quent, nous vous informons que lorsque vous visitez ces pages, vous devez consulter leurs politiques de confidentialit\u00e9.<\/span><\/p>\n<h3>MODIFICATIONS DE LA POLITIQUE DE CONFIDENTIALIT\u00c9<\/h3>\n<p><span style=\"font-weight: 400;\">Youtec Consulting<\/span><span style=\"font-weight: 400;\"> se r\u00e9serve le droit d\u2019apporter, \u00e0 tout moment et sans pr\u00e9avis, des modifications ou des adaptations \u00e0 notre politique de confidentialit\u00e9 et au traitement des donn\u00e9es personnelles. Nous vous recommandons de consulter notre politique de confidentialit\u00e9 \u00e0 chaque fois que vous naviguez sur le site, afin de toujours \u00eatre inform\u00e9 avant toute donn\u00e9e que vous pourriez fournir.<\/span><\/p>\n<\/div><\/div><\/div><\/div><\/div><\/div><\/div><\/div><\/section><\/div>","protected":false},"excerpt":{"rendered":"","protected":false},"author":1,"featured_media":0,"parent":0,"menu_order":0,"comment_status":"closed","ping_status":"closed","template":"","meta":[],"_links":{"self":[{"href":"https:\/\/www.youteconsulting.com\/fr\/wp-json\/wp\/v2\/pages\/5227"}],"collection":[{"href":"https:\/\/www.youteconsulting.com\/fr\/wp-json\/wp\/v2\/pages"}],"about":[{"href":"https:\/\/www.youteconsulting.com\/fr\/wp-json\/wp\/v2\/types\/page"}],"author":[{"embeddable":true,"href":"https:\/\/www.youteconsulting.com\/fr\/wp-json\/wp\/v2\/users\/1"}],"replies":[{"embeddable":true,"href":"https:\/\/www.youteconsulting.com\/fr\/wp-json\/wp\/v2\/comments?post=5227"}],"version-history":[{"count":1,"href":"https:\/\/www.youteconsulting.com\/fr\/wp-json\/wp\/v2\/pages\/5227\/revisions"}],"predecessor-version":[{"id":5232,"href":"https:\/\/www.youteconsulting.com\/fr\/wp-json\/wp\/v2\/pages\/5227\/revisions\/5232"}],"wp:attachment":[{"href":"https:\/\/www.youteconsulting.com\/fr\/wp-json\/wp\/v2\/media?parent=5227"}],"curies":[{"name":"wp","href":"https:\/\/api.w.org\/{rel}","templated":true}]}}