{"id":4864,"date":"2021-05-19T07:40:17","date_gmt":"2021-05-19T07:40:17","guid":{"rendered":"https:\/\/www.youteconsulting.com\/secteurs\/confidencialidad\/"},"modified":"2021-07-23T10:01:27","modified_gmt":"2021-07-23T10:01:27","slug":"confidentialite","status":"publish","type":"page","link":"https:\/\/www.youteconsulting.com\/fr\/confidentialite\/","title":{"rendered":"Confidentialit\u00e9"},"content":{"rendered":"<div class=\"bt_bb_wrapper\"><section id=\"bt_bb_section6a01dfd9d6c4c\"  class=\"bt_bb_section bt_bb_layout_boxed_1200 bt_bb_vertical_align_top header-sector header-sector-right bt_bb_section_show_right_boxed_content\" ><div class=\"bt_bb_port\"><div class=\"bt_bb_cell\"><div class=\"bt_bb_cell_inner\"><div class=\"bt_bb_row_wrapper\"><div  class=\"bt_bb_row digitalizacion\" ><div id=\"carretera-img-encabezado\" class=\"bt_bb_column col-xl-6 col-xs-12 col-sm-6 col-md-6 col-lg-6 image_header-sector bt_bb_align_right bt_bb_vertical_align_bottom bt_bb_padding_normal btLazyLoadBackground bt_bb_column_background_image bt_bb_mobile_align_to_both_edges\" style=\"padding-right: 0;background-image:url(&#039;https:\/\/www.youteconsulting.com\/wp-content\/plugins\/bold-page-builder\/img\/blank.gif&#039;);background-size:cover;\" data-background_image_src='https:\/\/www.youteconsulting.com\/wp-content\/uploads\/2021\/05\/1-3.jpg' data-width=\"6\" data-bt-override-class=\"{&quot;bt_bb_align_&quot;:{&quot;current_class&quot;:&quot;bt_bb_align_right&quot;,&quot;xl&quot;:&quot;right&quot;}}\"><div class=\"bt_bb_column_content\"><\/div><\/div><div  class=\"bt_bb_column col-xl-6 col-xs-12 col-sm-6 col-md-6 col-lg-6 info_header-sector bt_bb_align_left bt_bb_vertical_align_top bt_bb_animation_fade_in animate bt_bb_padding_normal bt_bb_animation_fade_in animate\"  data-width=\"6\" data-bt-override-class=\"{&quot;bt_bb_align_&quot;:{&quot;current_class&quot;:&quot;bt_bb_align_left&quot;,&quot;xl&quot;:&quot;left&quot;}}\"><div class=\"bt_bb_column_content\"><div class=\"bt_bb_separator bt_bb_bottom_spacing_large bt_bb_border_style_none\"><\/div><header class=\"bt_bb_headline texto-italic bt_bb_font_weight_bold bt_bb_dash_none bt_bb_size_normal bt_bb_align_inherit\" data-bt-override-class=\"{&quot;bt_bb_size_&quot;:{&quot;current_class&quot;:&quot;bt_bb_size_normal&quot;,&quot;xl&quot;:&quot;normal&quot;},&quot;bt_bb_align_&quot;:{&quot;current_class&quot;:&quot;bt_bb_align_inherit&quot;,&quot;xl&quot;:&quot;inherit&quot;}}\"><h1 class=\"bt_bb_headline_tag\"><span class=\"bt_bb_headline_content\"><span>Confidentialit\u00e9,<br \/>\r\n<b>notre engagement<\/b><\/span><\/span><\/h1><\/header><div class=\"bt_bb_separator bt_bb_bottom_spacing_normal bt_bb_border_style_none\"><\/div><div class=\"bt_bb_separator bt_bb_top_spacing_small bt_bb_bottom_spacing_small bt_bb_border_style_solid\" style=\"border-color: #e2d5c6;; border-width: 3px\"><\/div><div class=\"bt_bb_separator bt_bb_bottom_spacing_small bt_bb_border_style_none\"><\/div><div  class=\"bt_bb_text padding-right-p justificar-p p\" ><p>Youtec assume la responsabilit\u00e9 de soutenir et de promouvoir la mise en place des mesures organisationnelles, techniques et de contr\u00f4le n\u00e9cessaires pour se conformer aux directives de s\u00e9curit\u00e9.<\/p>\n<p>Notre politique de s\u00e9curit\u00e9 est maintenue, mise \u00e0 jour et ad\u00e9quate aux fins de l&rsquo;organisation, en s&rsquo;alignant sur le contexte de la gestion strat\u00e9gique des risques de Youtec et de ses clients.<\/p>\n<\/div><div class=\"bt_bb_separator bt_bb_bottom_spacing_medium bt_bb_border_style_none bt_bb_hidden_xs bt_bb_hidden_ms bt_bb_hidden_sm\"><\/div><\/div><\/div><\/div><\/div><\/div><\/div><\/div><\/section><section id=\"bt_bb_section6a01dfd9d715d\"  class=\"bt_bb_section bt_bb_top_spacing_large bt_bb_layout_boxed_1200 bt_bb_vertical_align_top section-sector\" ><div class=\"bt_bb_port\"><div class=\"bt_bb_cell\"><div class=\"bt_bb_cell_inner\"><div class=\"bt_bb_row_wrapper\"><div  class=\"bt_bb_row\" ><div  class=\"bt_bb_column col-xl-3 col-xs-12 col-sm-6 col-md-6 col-lg-3 bt_bb_align_center bt_bb_vertical_align_top bt_bb_padding_normal\" style=\"position: relative;\" data-width=\"3\" data-bt-override-class=\"{&quot;bt_bb_align_&quot;:{&quot;current_class&quot;:&quot;bt_bb_align_center&quot;,&quot;xl&quot;:&quot;center&quot;}}\"><div class=\"bt_bb_column_content\"><div class=\"bt_bb_image bt_bb_shape_square bt_bb_align_inherit bt_bb_hover_style_simple bt_bb_content_display_always bt_bb_content_align_middle bt_bb_fill_background_color_full\" style=\"max-width: 660px; margin-right: auto;\" data-bt-override-class=\"{&quot;bt_bb_align_&quot;:{&quot;current_class&quot;:&quot;bt_bb_align_inherit&quot;,&quot;xl&quot;:&quot;inherit&quot;}}\"><span><img width=\"246\" height=\"165\" src=\"https:\/\/www.youteconsulting.com\/wp-content\/uploads\/2021\/05\/PC__0003_Capa-72.jpg\" class=\"attachment-full size-full\" alt=\"https:\/\/www.youteconsulting.com\/wp-content\/uploads\/2021\/05\/PC__0003_Capa-72.jpg\" loading=\"lazy\" data-full_image_src=\"https:\/\/www.youteconsulting.com\/wp-content\/uploads\/2021\/05\/PC__0003_Capa-72.jpg\" title=\"PC__0003_Capa 72\" \/><\/span><\/div><div class=\"bt_bb_separator bt_bb_top_spacing_normal bt_bb_bottom_spacing_normal bt_bb_border_style_none\"><\/div><div  class=\"bt_bb_text justificar-p\" ><p>Les informations trait\u00e9es comme confidentielles ne seront connues que par la personne habilit\u00e9e, apr\u00e8s identification, au moment par les moyens autoris\u00e9s.<\/p>\n<\/div><div class=\"bt_bb_separator bt_bb_top_spacing_normal bt_bb_bottom_spacing_normal bt_bb_border_style_none\"><\/div><\/div><\/div><div  class=\"bt_bb_column col-xl-3 col-xs-12 col-sm-6 col-md-6 col-lg-3 bt_bb_align_center bt_bb_vertical_align_top bt_bb_padding_normal\"  data-width=\"3\" data-bt-override-class=\"{&quot;bt_bb_align_&quot;:{&quot;current_class&quot;:&quot;bt_bb_align_center&quot;,&quot;xl&quot;:&quot;center&quot;}}\"><div class=\"bt_bb_column_content\"><div class=\"bt_bb_image bt_bb_shape_square bt_bb_align_inherit bt_bb_hover_style_simple bt_bb_content_display_always bt_bb_content_align_middle bt_bb_fill_background_color_full\" style=\"max-width: 660px; margin-right: auto;\" data-bt-override-class=\"{&quot;bt_bb_align_&quot;:{&quot;current_class&quot;:&quot;bt_bb_align_inherit&quot;,&quot;xl&quot;:&quot;inherit&quot;}}\"><span><img width=\"246\" height=\"165\" src=\"https:\/\/www.youteconsulting.com\/wp-content\/uploads\/2021\/05\/PC__0002_Capa-73.jpg\" class=\"attachment-full size-full\" alt=\"https:\/\/www.youteconsulting.com\/wp-content\/uploads\/2021\/05\/PC__0002_Capa-73.jpg\" loading=\"lazy\" data-full_image_src=\"https:\/\/www.youteconsulting.com\/wp-content\/uploads\/2021\/05\/PC__0002_Capa-73.jpg\" title=\"PC__0002_Capa 73\" \/><\/span><\/div><div class=\"bt_bb_separator bt_bb_top_spacing_normal bt_bb_bottom_spacing_normal bt_bb_border_style_none\"><\/div><div  class=\"bt_bb_text justificar-p\" ><p>Les informations trait\u00e9es doivent \u00eatre compl\u00e8tes et valides, et leur contenu doit \u00eatre fourni par les parties concern\u00e9es.<\/p>\n<\/div><div class=\"bt_bb_separator bt_bb_top_spacing_normal bt_bb_bottom_spacing_normal bt_bb_border_style_none\"><\/div><\/div><\/div><div  class=\"bt_bb_column col-xl-3 col-xs-12 col-sm-6 col-md-6 col-lg-3 bt_bb_align_center bt_bb_vertical_align_top bt_bb_padding_normal\"  data-width=\"3\" data-bt-override-class=\"{&quot;bt_bb_align_&quot;:{&quot;current_class&quot;:&quot;bt_bb_align_center&quot;,&quot;xl&quot;:&quot;center&quot;}}\"><div class=\"bt_bb_column_content\"><div class=\"bt_bb_image bt_bb_shape_square bt_bb_align_inherit bt_bb_hover_style_simple bt_bb_content_display_always bt_bb_content_align_middle bt_bb_fill_background_color_full\" style=\"max-width: 660px; margin-right: auto;\" data-bt-override-class=\"{&quot;bt_bb_align_&quot;:{&quot;current_class&quot;:&quot;bt_bb_align_inherit&quot;,&quot;xl&quot;:&quot;inherit&quot;}}\"><span><img width=\"246\" height=\"165\" src=\"https:\/\/www.youteconsulting.com\/wp-content\/uploads\/2021\/05\/PC__0001_Capa-74.jpg\" class=\"attachment-full size-full\" alt=\"https:\/\/www.youteconsulting.com\/wp-content\/uploads\/2021\/05\/PC__0001_Capa-74.jpg\" loading=\"lazy\" data-full_image_src=\"https:\/\/www.youteconsulting.com\/wp-content\/uploads\/2021\/05\/PC__0001_Capa-74.jpg\" title=\"PC__0001_Capa 74\" \/><\/span><\/div><div class=\"bt_bb_separator bt_bb_top_spacing_normal bt_bb_bottom_spacing_normal bt_bb_border_style_none\"><\/div><div  class=\"bt_bb_text justificar-p\" ><p>Les informations seront accessibles et utilisables par les utilisateurs autoris\u00e9s et identifi\u00e9s \u00e0 tout moment.<\/p>\n<\/div><div class=\"bt_bb_separator bt_bb_top_spacing_normal bt_bb_bottom_spacing_normal bt_bb_border_style_none\"><\/div><\/div><\/div><div  class=\"bt_bb_column col-xl-3 col-xs-12 col-sm-6 col-md-6 col-lg-3 bt_bb_align_center bt_bb_vertical_align_top bt_bb_padding_normal\"  data-width=\"3\" data-bt-override-class=\"{&quot;bt_bb_align_&quot;:{&quot;current_class&quot;:&quot;bt_bb_align_center&quot;,&quot;xl&quot;:&quot;center&quot;}}\"><div class=\"bt_bb_column_content\"><div class=\"bt_bb_image bt_bb_shape_square bt_bb_align_inherit bt_bb_hover_style_simple bt_bb_content_display_always bt_bb_content_align_middle bt_bb_fill_background_color_full\" style=\"max-width: 660px; margin-right: auto;\" data-bt-override-class=\"{&quot;bt_bb_align_&quot;:{&quot;current_class&quot;:&quot;bt_bb_align_inherit&quot;,&quot;xl&quot;:&quot;inherit&quot;}}\"><span><img width=\"246\" height=\"165\" src=\"https:\/\/www.youteconsulting.com\/wp-content\/uploads\/2021\/05\/PC__0000_Capa-75.jpg\" class=\"attachment-full size-full\" alt=\"https:\/\/www.youteconsulting.com\/wp-content\/uploads\/2021\/05\/PC__0000_Capa-75.jpg\" loading=\"lazy\" data-full_image_src=\"https:\/\/www.youteconsulting.com\/wp-content\/uploads\/2021\/05\/PC__0000_Capa-75.jpg\" title=\"PC__0000_Capa 75\" \/><\/span><\/div><div class=\"bt_bb_separator bt_bb_top_spacing_normal bt_bb_bottom_spacing_normal bt_bb_border_style_none\"><\/div><div  class=\"bt_bb_text justificar-p\" ><p>Nous garantissons le respect de la r\u00e9glementation en vigueur relative au traitement des donn\u00e9es personnelles.<\/p>\n<\/div><div class=\"bt_bb_separator bt_bb_top_spacing_normal bt_bb_bottom_spacing_normal bt_bb_border_style_none\"><\/div><\/div><\/div><\/div><\/div><\/div><\/div><\/div><\/section><section id=\"bt_bb_section6a01dfd9d7f4a\"  class=\"bt_bb_section bt_bb_top_spacing_medium bt_bb_layout_boxed_1200 bt_bb_vertical_align_top header-sector header-sector-right bt_bb_section_show_right_boxed_content\" ><div class=\"bt_bb_port\"><div class=\"bt_bb_cell\"><div class=\"bt_bb_cell_inner\"><div class=\"bt_bb_row_wrapper\"><div  class=\"bt_bb_row sector-listado\" ><div id=\"img-energia-altura\" class=\"bt_bb_column col-xl-6 col-xs-12 col-sm-6 col-md-6 col-lg-6 image_header-sector bt_bb_align_right bt_bb_vertical_align_bottom bt_bb_padding_normal btLazyLoadBackground bt_bb_column_background_image bt_bb_mobile_align_to_both_edges\" style=\"padding-right: 0; height:400px;background-position: right;background-image:url(&#039;https:\/\/www.youteconsulting.com\/wp-content\/plugins\/bold-page-builder\/img\/blank.gif&#039;);background-size:cover;\" data-background_image_src='https:\/\/www.youteconsulting.com\/wp-content\/uploads\/2021\/05\/2-3.jpg' data-width=\"6\" data-bt-override-class=\"{&quot;bt_bb_align_&quot;:{&quot;current_class&quot;:&quot;bt_bb_align_right&quot;,&quot;xl&quot;:&quot;right&quot;}}\"><div class=\"bt_bb_column_content\"><\/div><\/div><div  class=\"bt_bb_column col-xl-6 col-xs-12 col-sm-6 col-md-6 col-lg-6 info_header-sector bt_bb_align_left bt_bb_vertical_align_top bt_bb_animation_fade_in animate bt_bb_padding_normal bt_bb_animation_fade_in animate\" style=\"min-height: inherit\" data-width=\"6\" data-bt-override-class=\"{&quot;bt_bb_align_&quot;:{&quot;current_class&quot;:&quot;bt_bb_align_left&quot;,&quot;xl&quot;:&quot;left&quot;}}\"><div class=\"bt_bb_column_content\"><div  class=\"bt_bb_text padding-right-p \" ><p>Youtec fonde ses syst\u00e8mes de gestion et de contr\u00f4le de la s\u00e9curit\u00e9 sur les r\u00e9glementations internationales, les r\u00e9glementations internes et la l\u00e9gislation applicable en la mati\u00e8re.<\/p>\n<p>Les m\u00e9thodologies et outils n\u00e9cessaires \u00e0 leur mise en \u0153uvre sont revus annuellement par le domaine qualit\u00e9 et le domaine juridique de l&rsquo;entreprise.<\/p>\n<p>Chez Youtec, tous les moyens, dans le maximum de port\u00e9es d&rsquo;application, sont mis en \u0153uvre pour la gestion de la s\u00e9curit\u00e9 afin de maintenir la confidentialit\u00e9, l&rsquo;int\u00e9grit\u00e9, la disponibilit\u00e9 et l&rsquo;accessibilit\u00e9, en concentrant nos efforts autour de trois aspects :<\/p>\n<p><strong>Pr\u00e9vention:<\/strong> Gestion des risques et mesures d&rsquo;att\u00e9nuation<\/p>\n<p><strong>D\u00e9tection:<\/strong> Surveillance pour contr\u00f4ler les \u00e9ventuels incidents<\/p>\n<p><strong>Action:<\/strong> Etablissement efficace et urgent des menaces potentielles en fonction de leur criticit\u00e9<\/p>\n<\/div><\/div><\/div><\/div><\/div><div class=\"bt_bb_row_wrapper\"><div  class=\"bt_bb_row sector-listado\" ><div  class=\"bt_bb_column col-xl-12 col-xs-12 col-sm-12 col-md-12 col-lg-12 info_header-sector bt_bb_align_left bt_bb_vertical_align_top bt_bb_animation_fade_in animate bt_bb_padding_normal bt_bb_animation_fade_in animate\" style=\"min-height: inherit\" data-width=\"12\" data-bt-override-class=\"{&quot;bt_bb_align_&quot;:{&quot;current_class&quot;:&quot;bt_bb_align_left&quot;,&quot;xl&quot;:&quot;left&quot;}}\"><div class=\"bt_bb_column_content\"><div class=\"bt_bb_separator bt_bb_bottom_spacing_large bt_bb_border_style_none\"><\/div><\/div><\/div><\/div><\/div><\/div><\/div><\/div><\/section><\/div>","protected":false},"excerpt":{"rendered":"","protected":false},"author":1,"featured_media":0,"parent":0,"menu_order":0,"comment_status":"closed","ping_status":"closed","template":"","meta":[],"_links":{"self":[{"href":"https:\/\/www.youteconsulting.com\/fr\/wp-json\/wp\/v2\/pages\/4864"}],"collection":[{"href":"https:\/\/www.youteconsulting.com\/fr\/wp-json\/wp\/v2\/pages"}],"about":[{"href":"https:\/\/www.youteconsulting.com\/fr\/wp-json\/wp\/v2\/types\/page"}],"author":[{"embeddable":true,"href":"https:\/\/www.youteconsulting.com\/fr\/wp-json\/wp\/v2\/users\/1"}],"replies":[{"embeddable":true,"href":"https:\/\/www.youteconsulting.com\/fr\/wp-json\/wp\/v2\/comments?post=4864"}],"version-history":[{"count":5,"href":"https:\/\/www.youteconsulting.com\/fr\/wp-json\/wp\/v2\/pages\/4864\/revisions"}],"predecessor-version":[{"id":5160,"href":"https:\/\/www.youteconsulting.com\/fr\/wp-json\/wp\/v2\/pages\/4864\/revisions\/5160"}],"wp:attachment":[{"href":"https:\/\/www.youteconsulting.com\/fr\/wp-json\/wp\/v2\/media?parent=4864"}],"curies":[{"name":"wp","href":"https:\/\/api.w.org\/{rel}","templated":true}]}}