{"id":4859,"date":"2021-05-18T14:42:06","date_gmt":"2021-05-18T14:42:06","guid":{"rendered":"https:\/\/www.youteconsulting.com\/youtec\/presencia-internacional\/"},"modified":"2021-09-01T14:56:59","modified_gmt":"2021-09-01T14:56:59","slug":"presencia-internacional","status":"publish","type":"page","link":"https:\/\/www.youteconsulting.com\/fr\/youtec\/presencia-internacional\/","title":{"rendered":"Pr\u00e9sence Internationale"},"content":{"rendered":"<div class=\"bt_bb_wrapper\"><section id=\"bt_bb_section69f2cd9e31d8a\"  class=\"bt_bb_section bt_bb_layout_boxed_1200 bt_bb_vertical_align_top header-sector header-sector-left bt_bb_section_show_right_boxed_content\" ><div class=\"bt_bb_port\"><div class=\"bt_bb_cell\"><div class=\"bt_bb_cell_inner\"><div class=\"bt_bb_row_wrapper\"><div  class=\"bt_bb_row\" ><div  class=\"bt_bb_column col-xl-6 col-xs-12 col-sm-6 col-md-6 col-lg-6 info_header-sector bt_bb_align_left bt_bb_vertical_align_top bt_bb_animation_fade_in animate bt_bb_padding_normal bt_bb_order_md_2 bt_bb_order_sm_2 bt_bb_order_xs_2 bt_bb_animation_fade_in animate\"  data-width=\"6\" data-bt-override-class=\"{&quot;bt_bb_align_&quot;:{&quot;current_class&quot;:&quot;bt_bb_align_left&quot;,&quot;xl&quot;:&quot;left&quot;}}\"><div class=\"bt_bb_column_content\"><div class=\"bt_bb_separator bt_bb_bottom_spacing_large bt_bb_border_style_none\"><\/div><header class=\"bt_bb_headline texto-italic bt_bb_font_weight_bold bt_bb_dash_none bt_bb_size_large bt_bb_align_inherit\" data-bt-override-class=\"{&quot;bt_bb_size_&quot;:{&quot;current_class&quot;:&quot;bt_bb_size_large&quot;,&quot;xl&quot;:&quot;large&quot;},&quot;bt_bb_align_&quot;:{&quot;current_class&quot;:&quot;bt_bb_align_inherit&quot;,&quot;xl&quot;:&quot;inherit&quot;}}\"><h1 style=\"font-size:30px\" class=\"bt_bb_headline_tag\"><span class=\"bt_bb_headline_content\"><span>Pr\u00e9sence internationale,<br \/>\r\n<b>collaboration r\u00e9gionale<\/b><\/span><\/span><\/h1><\/header><div class=\"bt_bb_separator bt_bb_bottom_spacing_normal bt_bb_border_style_none\"><\/div><div class=\"bt_bb_separator bt_bb_top_spacing_small bt_bb_bottom_spacing_small bt_bb_border_style_solid\" style=\"border-color: #e2d5c6;; border-width: 3px\"><\/div><div class=\"bt_bb_separator bt_bb_bottom_spacing_normal bt_bb_border_style_none\"><\/div><div  class=\"bt_bb_text\" ><p>Youtec am\u00e9liore la collaboration avec ses clients \u00e0 travers des implantations r\u00e9gionales permettant une relation et une connaissance sous le concept de proximit\u00e9 avec ses clients.<\/p>\n<p>La contribution de Youtec \u00e0 travers notre pr\u00e9sence internationale, est de g\u00e9n\u00e9rer des plans strat\u00e9giques et tactiques, en appliquant les meilleures pratiques adapt\u00e9es aux besoins r\u00e9gionaux et des clients.<\/p>\n<\/div><div class=\"bt_bb_separator bt_bb_bottom_spacing_medium bt_bb_border_style_none\"><\/div><\/div><\/div><div  class=\"bt_bb_column col-xl-6 col-xs-12 col-sm-6 col-md-6 col-lg-6 image_header-sector bt_bb_align_right bt_bb_vertical_align_bottom bt_bb_padding_normal bt_bb_order_md_1 bt_bb_order_sm_1 bt_bb_order_xs_1 btLazyLoadBackground bt_bb_column_background_image bt_bb_mobile_align_to_both_edges\" style=\"padding-right: 0;background-image:url(&#039;https:\/\/www.youteconsulting.com\/wp-content\/plugins\/bold-page-builder\/img\/blank.gif&#039;);background-size:cover;\" data-background_image_src='https:\/\/www.youteconsulting.com\/wp-content\/uploads\/2021\/07\/international-team.jpg' data-width=\"6\" data-bt-override-class=\"{&quot;bt_bb_align_&quot;:{&quot;current_class&quot;:&quot;bt_bb_align_right&quot;,&quot;xl&quot;:&quot;right&quot;}}\"><div class=\"bt_bb_column_content\"><\/div><\/div><\/div><\/div><\/div><\/div><\/div><\/section><section id=\"bt_bb_section69f2cd9e32253\"  class=\"bt_bb_section bt_bb_top_spacing_large bt_bb_layout_boxed_1200 bt_bb_vertical_align_top background-sector\" style=\"background-position:130% 100% !important;background-size:640px !important;\"><div class=\"bt_bb_port\"><div class=\"bt_bb_cell\"><div class=\"bt_bb_cell_inner\"><div class=\"bt_bb_row_wrapper\"><div  class=\"bt_bb_row\" ><\/div><\/div><div class=\"bt_bb_row_wrapper\"><div  class=\"bt_bb_row\" ><div  class=\"bt_bb_column col-xl-12 col-xs-12 col-sm-12 col-md-12 col-lg-12 bt_bb_align_left bt_bb_vertical_align_top bt_bb_padding_normal\"  data-width=\"12\" data-bt-override-class=\"{}\"><div class=\"bt_bb_column_content\"><div class=\"bt_bb_image bt_bb_shape_square bt_bb_align_inherit bt_bb_hover_style_simple bt_bb_content_display_always bt_bb_content_align_middle bt_bb_fill_background_color_full\" data-bt-override-class=\"{&quot;bt_bb_align_&quot;:{&quot;current_class&quot;:&quot;bt_bb_align_inherit&quot;,&quot;xl&quot;:&quot;inherit&quot;}}\"><span><img width=\"1517\" height=\"790\" src=\"https:\/\/www.youteconsulting.com\/wp-content\/uploads\/2021\/05\/MAPA-.jpg\" class=\"attachment-2048x2048 size-2048x2048\" alt=\"https:\/\/www.youteconsulting.com\/wp-content\/uploads\/2021\/05\/MAPA-.jpg\" loading=\"lazy\" data-full_image_src=\"https:\/\/www.youteconsulting.com\/wp-content\/uploads\/2021\/05\/MAPA-.jpg\" title=\"MAPA\" srcset=\"https:\/\/www.youteconsulting.com\/wp-content\/uploads\/2021\/05\/MAPA-.jpg 1517w, https:\/\/www.youteconsulting.com\/wp-content\/uploads\/2021\/05\/MAPA--640x333.jpg 640w, https:\/\/www.youteconsulting.com\/wp-content\/uploads\/2021\/05\/MAPA--1280x667.jpg 1280w, https:\/\/www.youteconsulting.com\/wp-content\/uploads\/2021\/05\/MAPA--768x400.jpg 768w, https:\/\/www.youteconsulting.com\/wp-content\/uploads\/2021\/05\/MAPA--320x167.jpg 320w\" sizes=\"(max-width: 1517px) 100vw, 1517px\" \/><\/span><\/div><div class=\"bt_bb_separator bt_bb_bottom_spacing_large bt_bb_border_style_none\"><\/div><\/div><\/div><\/div><\/div><\/div><\/div><\/div><\/section><\/div>","protected":false},"excerpt":{"rendered":"","protected":false},"author":1,"featured_media":0,"parent":4786,"menu_order":0,"comment_status":"closed","ping_status":"closed","template":"","meta":[],"_links":{"self":[{"href":"https:\/\/www.youteconsulting.com\/fr\/wp-json\/wp\/v2\/pages\/4859"}],"collection":[{"href":"https:\/\/www.youteconsulting.com\/fr\/wp-json\/wp\/v2\/pages"}],"about":[{"href":"https:\/\/www.youteconsulting.com\/fr\/wp-json\/wp\/v2\/types\/page"}],"author":[{"embeddable":true,"href":"https:\/\/www.youteconsulting.com\/fr\/wp-json\/wp\/v2\/users\/1"}],"replies":[{"embeddable":true,"href":"https:\/\/www.youteconsulting.com\/fr\/wp-json\/wp\/v2\/comments?post=4859"}],"version-history":[{"count":9,"href":"https:\/\/www.youteconsulting.com\/fr\/wp-json\/wp\/v2\/pages\/4859\/revisions"}],"predecessor-version":[{"id":5278,"href":"https:\/\/www.youteconsulting.com\/fr\/wp-json\/wp\/v2\/pages\/4859\/revisions\/5278"}],"up":[{"embeddable":true,"href":"https:\/\/www.youteconsulting.com\/fr\/wp-json\/wp\/v2\/pages\/4786"}],"wp:attachment":[{"href":"https:\/\/www.youteconsulting.com\/fr\/wp-json\/wp\/v2\/media?parent=4859"}],"curies":[{"name":"wp","href":"https:\/\/api.w.org\/{rel}","templated":true}]}}