{"id":4683,"date":"2021-04-28T11:32:56","date_gmt":"2021-04-28T11:32:56","guid":{"rendered":"https:\/\/www.youteconsulting.com\/public-administration\/"},"modified":"2021-07-23T10:14:22","modified_gmt":"2021-07-23T10:14:22","slug":"administration-publique","status":"publish","type":"page","link":"https:\/\/www.youteconsulting.com\/fr\/secteurs\/administration-publique\/","title":{"rendered":"Administration publique"},"content":{"rendered":"<div class=\"bt_bb_wrapper\"><section id=\"bt_bb_section69f593595e6f8\"  class=\"bt_bb_section bt_bb_layout_boxed_1200 bt_bb_vertical_align_top header-sector header-sector-left bt_bb_section_show_right_boxed_content\" ><div class=\"bt_bb_port\"><div class=\"bt_bb_cell\"><div class=\"bt_bb_cell_inner\"><div class=\"bt_bb_row_wrapper\"><div  class=\"bt_bb_row\" ><div  class=\"bt_bb_column col-xl-6 col-xs-12 col-sm-6 col-md-6 col-lg-6 info_header-sector bt_bb_align_left bt_bb_vertical_align_top bt_bb_animation_fade_in animate bt_bb_padding_normal bt_bb_order_md_2 bt_bb_order_sm_2 bt_bb_order_xs_2 bt_bb_animation_fade_in animate\"  data-width=\"6\" data-bt-override-class=\"{&quot;bt_bb_align_&quot;:{&quot;current_class&quot;:&quot;bt_bb_align_left&quot;,&quot;xl&quot;:&quot;left&quot;}}\"><div class=\"bt_bb_column_content\"><div class=\"bt_bb_separator bt_bb_bottom_spacing_large bt_bb_border_style_none\"><\/div><header class=\"bt_bb_headline bt_bb_font_weight_bold bt_bb_dash_none bt_bb_size_large bt_bb_align_inherit\" data-bt-override-class=\"{&quot;bt_bb_size_&quot;:{&quot;current_class&quot;:&quot;bt_bb_size_large&quot;,&quot;xl&quot;:&quot;large&quot;},&quot;bt_bb_align_&quot;:{&quot;current_class&quot;:&quot;bt_bb_align_inherit&quot;,&quot;xl&quot;:&quot;inherit&quot;}}\"><h1 class=\"bt_bb_headline_tag\"><span class=\"bt_bb_headline_content\"><span><b>Administration publique<\/b><\/span><\/span><\/h1><\/header><div class=\"bt_bb_separator bt_bb_bottom_spacing_medium bt_bb_border_style_none\"><\/div><header class=\"bt_bb_headline texto-italic bt_bb_font_weight_bold bt_bb_dash_none bt_bb_size_normal bt_bb_align_inherit\" data-bt-override-class=\"{&quot;bt_bb_size_&quot;:{&quot;current_class&quot;:&quot;bt_bb_size_normal&quot;,&quot;xl&quot;:&quot;normal&quot;},&quot;bt_bb_align_&quot;:{&quot;current_class&quot;:&quot;bt_bb_align_inherit&quot;,&quot;xl&quot;:&quot;inherit&quot;}}\"><h2 class=\"bt_bb_headline_tag\"><span class=\"bt_bb_headline_content\"><span>Renforcer le secteur public par l'innovation et la<br \/>\r\n<b>transformation num\u00e9rique<\/b><\/span><\/span><\/h2><\/header><div class=\"bt_bb_separator bt_bb_bottom_spacing_normal bt_bb_border_style_none\"><\/div><div class=\"bt_bb_separator bt_bb_top_spacing_small bt_bb_bottom_spacing_small bt_bb_border_style_solid\" style=\"border-color: #e2d5c6;; border-width: 3px\"><\/div><div class=\"bt_bb_separator bt_bb_bottom_spacing_normal bt_bb_border_style_none\"><\/div><header class=\"bt_bb_headline bt_bb_font_weight_bold bt_bb_dash_none bt_bb_size_normal bt_bb_subheadline bt_bb_align_inherit\" data-bt-override-class=\"{&quot;bt_bb_size_&quot;:{&quot;current_class&quot;:&quot;bt_bb_size_normal&quot;,&quot;xl&quot;:&quot;normal&quot;},&quot;bt_bb_align_&quot;:{&quot;current_class&quot;:&quot;bt_bb_align_inherit&quot;,&quot;xl&quot;:&quot;inherit&quot;}}\"><div class=\"bt_bb_headline_subheadline\">Les administrations publiques sont actuellement confront\u00e9es \u00e0 des nouveaux d\u00e9fis qui n\u00e9cessitent une vision multidisciplinaire pour y faire face, les obligeant \u00e0 \u00e9voluer vers des organisations plus modernes, transparentes et efficaces afin de r\u00e9pondre aux demandes de plus en plus exigeantes des citoyens.<\/div><\/header><div class=\"bt_bb_separator bt_bb_bottom_spacing_medium bt_bb_border_style_none\"><\/div><\/div><\/div><div  class=\"bt_bb_column col-xl-6 col-xs-12 col-sm-6 col-md-6 col-lg-6 image_header-sector bt_bb_align_right bt_bb_vertical_align_bottom bt_bb_padding_normal bt_bb_order_md_1 bt_bb_order_sm_1 bt_bb_order_xs_1 btLazyLoadBackground bt_bb_column_background_image bt_bb_mobile_align_to_both_edges\" style=\"padding-right: 0;background-image:url(&#039;https:\/\/www.youteconsulting.com\/wp-content\/plugins\/bold-page-builder\/img\/blank.gif&#039;);background-size:cover;\" data-background_image_src='https:\/\/www.youteconsulting.com\/wp-content\/uploads\/2021\/04\/ADM.-PUBLICA.jpg' data-width=\"6\" data-bt-override-class=\"{&quot;bt_bb_align_&quot;:{&quot;current_class&quot;:&quot;bt_bb_align_right&quot;,&quot;xl&quot;:&quot;right&quot;}}\"><div class=\"bt_bb_column_content\"><\/div><\/div><\/div><\/div><\/div><\/div><\/div><\/section><section id=\"bt_bb_section69f593595edce\"  data-background_image_src=\"'https:\/\/www.youteconsulting.com\/wp-content\/uploads\/2021\/05\/img-background-adminpublica.png'\" class=\"bt_bb_section bt_bb_top_spacing_large bt_bb_layout_boxed_1200 bt_bb_vertical_align_top btLazyLoadBackground bt_bb_background_image background-sector\" style=\"background-image:url(&#039;https:\/\/www.youteconsulting.com\/wp-content\/plugins\/bold-page-builder\/img\/blank.gif&#039;);background-position:130% 100% !important;background-size:640px !important;\"><div class=\"bt_bb_port\"><div class=\"bt_bb_cell\"><div class=\"bt_bb_cell_inner\"><div class=\"bt_bb_row_wrapper\"><div  class=\"bt_bb_row\" ><div  class=\"bt_bb_column col-xl-6 col-xs-12 col-sm-12 col-md-12 col-lg-6 digitalizacion_col1 bt_bb_align_left bt_bb_vertical_align_top bt_bb_padding_normal\"  data-width=\"6\" data-bt-override-class=\"{&quot;bt_bb_align_&quot;:{&quot;current_class&quot;:&quot;bt_bb_align_left&quot;,&quot;xl&quot;:&quot;left&quot;}}\"><div class=\"bt_bb_column_content\"><div class=\"bt_bb_floating_element bt_bb_floating_element_horizontal_position_left bt_bb_floating_element_vertical_position_top bt_bb_floating_element_animation_delay_default bt_bb_floating_element_animation_duration_default bt_bb_floating_element_animation_style_ease_out\" style=\"margin-top: 9em; transform: translateX(-80%);\" data-speed=\"0.4\"><div class=\"bt_bb_floating_element_html\" data-speed=\"0.4\"><span  style=\"height: 2px; width: 70px; transform-origin: 0 0; transform: rotate(-45deg);background-color: rgba(247, 152, 57, 1);\"><\/span><\/div><\/div><div class=\"bt_bb_floating_element bt_bb_floating_element_horizontal_position_left bt_bb_floating_element_vertical_position_bottom bt_bb_floating_element_animation_delay_default bt_bb_floating_element_animation_duration_700 bt_bb_floating_element_animation_style_ease_out\" style=\"transform: translateY(-60%); margin-left: 620px; mix-blend-mode: multiply;\" data-speed=\"0.6\"><div class=\"bt_bb_floating_element_html\" data-speed=\"0.6\"><span  style=\"height: 145px; width: 122px; transform-origin: 0 0; transform: skewy(-45deg);background-color: rgba(247, 152, 57, 1);\"><\/span><\/div><\/div><div class=\"bt_bb_image bt_bb_shape_square bt_bb_align_inherit bt_bb_hover_style_simple bt_bb_content_display_always bt_bb_content_align_middle bt_bb_fill_background_color_full\" style=\"max-width: 660px; margin-left: auto;\" data-bt-override-class=\"{&quot;bt_bb_align_&quot;:{&quot;current_class&quot;:&quot;bt_bb_align_inherit&quot;,&quot;xl&quot;:&quot;inherit&quot;}}\"><span><img width=\"1200\" height=\"900\" src=\"https:\/\/www.youteconsulting.com\/wp-content\/uploads\/2021\/04\/INNOVAR-EN-LA-ADM....jpg\" class=\"attachment-full size-full\" alt=\"https:\/\/www.youteconsulting.com\/wp-content\/uploads\/2021\/04\/INNOVAR-EN-LA-ADM....jpg\" loading=\"lazy\" data-full_image_src=\"https:\/\/www.youteconsulting.com\/wp-content\/uploads\/2021\/04\/INNOVAR-EN-LA-ADM....jpg\" title=\"INNOVAR EN LA ADM...\" srcset=\"https:\/\/www.youteconsulting.com\/wp-content\/uploads\/2021\/04\/INNOVAR-EN-LA-ADM....jpg 1200w, https:\/\/www.youteconsulting.com\/wp-content\/uploads\/2021\/04\/INNOVAR-EN-LA-ADM...-640x480.jpg 640w, https:\/\/www.youteconsulting.com\/wp-content\/uploads\/2021\/04\/INNOVAR-EN-LA-ADM...-768x576.jpg 768w, https:\/\/www.youteconsulting.com\/wp-content\/uploads\/2021\/04\/INNOVAR-EN-LA-ADM...-320x240.jpg 320w\" sizes=\"(max-width: 1200px) 100vw, 1200px\" \/><\/span><\/div><\/div><\/div><div  class=\"bt_bb_column col-xl-6 col-xs-12 col-sm-12 col-md-12 col-lg-6 bt_bb_align_left bt_bb_vertical_align_top bt_bb_animation_fade_in move_up animate bt_bb_padding_normal bt_bb_animation_fade_in bt_bb_animation_move_up animate\" style=\"position: relative;\" data-width=\"6\" data-bt-override-class=\"{&quot;bt_bb_align_&quot;:{&quot;current_class&quot;:&quot;bt_bb_align_left&quot;,&quot;xl&quot;:&quot;left&quot;}}\"><div class=\"bt_bb_column_content\"><div class=\"bt_bb_separator bt_bb_bottom_spacing_medium bt_bb_border_style_none\"><\/div><div  class=\"bt_bb_row_inner\" ><div  class=\"bt_bb_column_inner col-xl-2 bt_bb_align_left bt_bb_vertical_align_top\"  data-width=\"2\" data-bt-override-class=\"{}\"><div class=\"bt_bb_column_inner_content\"><\/div><\/div><div  class=\"bt_bb_column_inner col-xl-10 bt_bb_align_left bt_bb_vertical_align_top\"  data-width=\"10\" data-bt-override-class=\"{}\"><div class=\"bt_bb_column_inner_content\"><header class=\"bt_bb_headline texto-italic bt_bb_font_weight_bold bt_bb_dash_none bt_bb_size_normal bt_bb_align_inherit\" data-bt-override-class=\"{&quot;bt_bb_size_&quot;:{&quot;current_class&quot;:&quot;bt_bb_size_normal&quot;,&quot;xl&quot;:&quot;normal&quot;},&quot;bt_bb_align_&quot;:{&quot;current_class&quot;:&quot;bt_bb_align_inherit&quot;,&quot;xl&quot;:&quot;inherit&quot;}}\"><h3 class=\"bt_bb_headline_tag\"><span class=\"bt_bb_headline_content\"><span>Innover dans l'administration publique, c'est rejoindre<br \/>\r\n<b>l'\u00e8re de la num\u00e9risation<\/b><\/span><\/span><\/h3><\/header><div class=\"bt_bb_separator bt_bb_bottom_spacing_normal bt_bb_border_style_none\"><\/div><div class=\"bt_bb_separator bt_bb_top_spacing_small bt_bb_bottom_spacing_small bt_bb_border_style_solid\" style=\"border-color: #e2d5c6;; border-width: 3px\"><\/div><div class=\"bt_bb_separator bt_bb_bottom_spacing_small bt_bb_border_style_none\"><\/div><div  class=\"bt_bb_text\" ><p>La transformation des Administrations Publiques en v\u00e9ritable \u00ab Centres Gouvernementaux en tant que Services \u00bb (GaaS) n\u00e9cessite de mettre \u00e0 disposition des diff\u00e9rents utilisateurs des services tels que l&rsquo;autogestion, la personnalisation et l&rsquo;am\u00e9lioration et l&rsquo;agilit\u00e9 des processus, am\u00e9liore les relations avec les citoyens et fait d&rsquo;une administration 100% num\u00e9rique une r\u00e9alit\u00e9.<\/p>\n<\/div><div class=\"bt_bb_separator bt_bb_bottom_spacing_normal bt_bb_border_style_none\"><\/div><\/div><\/div><\/div><\/div><\/div><\/div><\/div><\/div><\/div><\/div><\/section><section id=\"bt_bb_section69f593595f50d\"  data-background_image_src=\"'https:\/\/www.youteconsulting.com\/wp-content\/uploads\/2021\/05\/img-background-adminpublica.png'\" class=\"bt_bb_section bt_bb_top_spacing_large bt_bb_layout_boxed_1200 bt_bb_vertical_align_top btLazyLoadBackground bt_bb_background_image header-sector header-sector-left background-sector section-accordion bt_bb_section_show_right_boxed_content\" style=\"background-image:url(&#039;https:\/\/www.youteconsulting.com\/wp-content\/plugins\/bold-page-builder\/img\/blank.gif&#039;);background-position:-30% 50% !important;background-size:640px !important;\"><div class=\"bt_bb_port\"><div class=\"bt_bb_cell\"><div class=\"bt_bb_cell_inner\"><div class=\"bt_bb_row_wrapper\"><div  class=\"bt_bb_row\" ><div  class=\"bt_bb_column col-xl-6 col-xs-12 col-sm-6 col-md-6 col-lg-6 info_header-sector bt_bb_align_left bt_bb_vertical_align_top bt_bb_animation_fade_in animate bt_bb_padding_normal bt_bb_order_md_2 bt_bb_order_sm_2 bt_bb_order_xs_2 bt_bb_animation_fade_in animate\"  data-width=\"6\" data-bt-override-class=\"{&quot;bt_bb_align_&quot;:{&quot;current_class&quot;:&quot;bt_bb_align_left&quot;,&quot;xl&quot;:&quot;left&quot;}}\"><div class=\"bt_bb_column_content\"><div class=\"bt_bb_separator bt_bb_top_spacing_medium bt_bb_border_style_none\"><\/div><div  class=\"bt_bb_row_inner\" ><div  class=\"bt_bb_column_inner col-xl-12 col-xs-12 col-sm-12 col-md-12 col-lg-12 bt_bb_align_left bt_bb_vertical_align_top bt_bb_padding_normal\"  data-width=\"12\" data-bt-override-class=\"{&quot;bt_bb_align_&quot;:{&quot;current_class&quot;:&quot;bt_bb_align_left&quot;,&quot;xl&quot;:&quot;left&quot;}}\"><div class=\"bt_bb_column_inner_content\"><div class=\"bt_bb_accordion bt_bb_style_simple bt_bb_shape_square\"><div class=\"bt_bb_accordion_item\"><div class=\"bt_bb_accordion_item_title\">Plateforme multi-solutions<\/div><div class=\"bt_bb_accordion_item_content\"><div  class=\"bt_bb_text\" >\n<p>Le besoin d&rsquo;outils technologiques flexibles, polyvalents et \u00e9volutifs qui aident \u00e0 g\u00e9rer tous les besoins de num\u00e9risation via une plate-forme unique offrant des capacit\u00e9s multi-portails est de plus en plus \u00e9vident.<\/p>\n<\/div>\n<\/div><\/div><div class=\"bt_bb_accordion_item\"><div class=\"bt_bb_accordion_item_title\">Gestion simplifi\u00e9e<\/div><div class=\"bt_bb_accordion_item_content\"><div  class=\"bt_bb_text\" >\n<p>La technologie mise en \u0153uvre doit simplifier la cr\u00e9ation de contenus, permettre la restructuration et la simplification des processus et favoriser l&rsquo;autogestion des citoyens, en leur offrant une autonomie pour effectuer les d\u00e9marches administratives et les demandes d&rsquo;information.<\/p>\n<\/div>\n<\/div><\/div><div class=\"bt_bb_accordion_item\"><div class=\"bt_bb_accordion_item_title\">Agilit\u00e9 dans les processus<\/div><div class=\"bt_bb_accordion_item_content\"><div  class=\"bt_bb_text\" >\n<p>Pour simplifier la gestion administrative et les processus de traitement, il faudra investir dans des outils \u00e0 forte interop\u00e9rabilit\u00e9 permettant \u00e9galement la gestion des flux de statuts, la cr\u00e9ation dynamique de formulaires et la s\u00e9curisation des acc\u00e8s<\/p>\n<\/div>\n<\/div><\/div><div class=\"bt_bb_accordion_item\"><div class=\"bt_bb_accordion_item_title\">Personnalisation et omnicanal pour am\u00e9liorer l'exp\u00e9rience utilisateur<\/div><div class=\"bt_bb_accordion_item_content\"><div  class=\"bt_bb_text\" >\n<p>Afin de r\u00e9pondre aux besoins et aux demandes des citoyens et des entreprises, l&rsquo;Administration doit \u00eatre en mesure d&rsquo;offrir une bonne exp\u00e9rience omnicanale, en \u00e9valuant la capacit\u00e9 \u00e0 mettre en \u0153uvre des fonctionnalit\u00e9s personnalisables en fonction du type d&rsquo;utilisateur.<\/p>\n<\/div>\n<\/div><\/div><div class=\"bt_bb_accordion_item\"><div class=\"bt_bb_accordion_item_title\">Cyber-s\u00e9curit\u00e9<\/div><div class=\"bt_bb_accordion_item_content\"><div  class=\"bt_bb_text\" >\n<p>Pour faire face aux d\u00e9fis susmentionn\u00e9s, les Administrations doivent adh\u00e9rer \u00e0 un cadre r\u00e9glementaire sp\u00e9cifique en mati\u00e8re de s\u00e9curit\u00e9 bas\u00e9 sur des normes nationales et internationales. De plus, ils doivent adopter des technologies avec des capacit\u00e9s de support avanc\u00e9es, en temps r\u00e9el et avec un service 24\/7 qui leur permettent de r\u00e9soudre tout incident, garantissant ainsi la continuit\u00e9 et l&rsquo;attention au citoyen \u00e0 tout moment.<\/p>\n<\/div>\n<\/div><\/div><div class=\"bt_bb_accordion_item\"><div class=\"bt_bb_accordion_item_title\">Collaboration avec le secteur technologique<\/div><div class=\"bt_bb_accordion_item_content\"><div  class=\"bt_bb_text\" >\n<p>Afin d&rsquo;entreprendre la transformation num\u00e9rique de l&rsquo;administration publique, il doit y avoir une collaboration \u00e9troite avec le secteur de la technologie. Ce qui va au-del\u00e0 de la relation \u00e0 travers des accords de collaboration.<\/p>\n<\/div>\n<\/div><\/div><div class=\"bt_bb_accordion_item\"><div class=\"bt_bb_accordion_item_title\">Formation des fonctionnaires<\/div><div class=\"bt_bb_accordion_item_content\"><div  class=\"bt_bb_text\" >\n<p>Associ\u00e9 au processus de transformation num\u00e9rique, il est n\u00e9cessaire de r\u00e9aliser une formation en comp\u00e9tences num\u00e9riques, cybers\u00e9curit\u00e9, protection des donn\u00e9es, communication&#8230; qui permet de s&rsquo;adapter aux nouveaux modes et moyens de travail.<\/p>\n<\/div>\n<\/div><\/div><div class=\"bt_bb_accordion_item\"><div class=\"bt_bb_accordion_item_title\">Planification des besoins et des investissements pour les satisfaire<\/div><div class=\"bt_bb_accordion_item_content\"><div  class=\"bt_bb_text\" >\n<p>L&rsquo;administration doit \u00e9tablir un plan strat\u00e9gique de transformation num\u00e9rique avec des objectifs ambitieux et clairs, et surtout parvenir \u00e0 des accords pour la maintenabilit\u00e9 de la feuille de route dans le temps.<\/p>\n<\/div>\n<\/div><\/div><\/div><\/div><\/div><\/div><div class=\"bt_bb_separator bt_bb_top_spacing_large bt_bb_border_style_none\"><\/div><\/div><\/div><div  class=\"bt_bb_column col-xl-6 col-xs-12 col-sm-6 col-md-6 col-lg-6 image_header-sector background-pBL bt_bb_align_right bt_bb_vertical_align_bottom bt_bb_padding_normal bt_bb_order_md_1 bt_bb_order_sm_1 bt_bb_order_xs_1 btLazyLoadBackground bt_bb_column_background_image bt_bb_mobile_align_to_both_edges\" style=\"padding-right: 0;background-image:url(&#039;https:\/\/www.youteconsulting.com\/wp-content\/plugins\/bold-page-builder\/img\/blank.gif&#039;);background-size:cover;\" data-background_image_src='https:\/\/www.youteconsulting.com\/wp-content\/uploads\/2021\/04\/DESPLEGABLE.jpg' data-width=\"6\" data-bt-override-class=\"{&quot;bt_bb_align_&quot;:{&quot;current_class&quot;:&quot;bt_bb_align_right&quot;,&quot;xl&quot;:&quot;right&quot;}}\"><div class=\"bt_bb_column_content\"><\/div><\/div><\/div><\/div><\/div><\/div><\/div><\/section><\/div>","protected":false},"excerpt":{"rendered":"","protected":false},"author":1,"featured_media":0,"parent":4803,"menu_order":0,"comment_status":"closed","ping_status":"closed","template":"templates\/template-sector.php","meta":[],"_links":{"self":[{"href":"https:\/\/www.youteconsulting.com\/fr\/wp-json\/wp\/v2\/pages\/4683"}],"collection":[{"href":"https:\/\/www.youteconsulting.com\/fr\/wp-json\/wp\/v2\/pages"}],"about":[{"href":"https:\/\/www.youteconsulting.com\/fr\/wp-json\/wp\/v2\/types\/page"}],"author":[{"embeddable":true,"href":"https:\/\/www.youteconsulting.com\/fr\/wp-json\/wp\/v2\/users\/1"}],"replies":[{"embeddable":true,"href":"https:\/\/www.youteconsulting.com\/fr\/wp-json\/wp\/v2\/comments?post=4683"}],"version-history":[{"count":8,"href":"https:\/\/www.youteconsulting.com\/fr\/wp-json\/wp\/v2\/pages\/4683\/revisions"}],"predecessor-version":[{"id":5169,"href":"https:\/\/www.youteconsulting.com\/fr\/wp-json\/wp\/v2\/pages\/4683\/revisions\/5169"}],"up":[{"embeddable":true,"href":"https:\/\/www.youteconsulting.com\/fr\/wp-json\/wp\/v2\/pages\/4803"}],"wp:attachment":[{"href":"https:\/\/www.youteconsulting.com\/fr\/wp-json\/wp\/v2\/media?parent=4683"}],"curies":[{"name":"wp","href":"https:\/\/api.w.org\/{rel}","templated":true}]}}