{"id":4672,"date":"2021-05-18T13:16:43","date_gmt":"2021-05-18T13:16:43","guid":{"rendered":"https:\/\/www.youteconsulting.com\/politica-igualdad\/"},"modified":"2021-07-23T09:44:25","modified_gmt":"2021-07-23T09:44:25","slug":"politique-egalite-inclusion","status":"publish","type":"page","link":"https:\/\/www.youteconsulting.com\/fr\/youtec\/politique-egalite-inclusion\/","title":{"rendered":"Politique d&rsquo;\u00e9galit\u00e9 et d&rsquo;inclusion"},"content":{"rendered":"<div class=\"bt_bb_wrapper\"><section id=\"bt_bb_section69e1f7f0e45d3\"  class=\"bt_bb_section bt_bb_layout_boxed_1200 bt_bb_vertical_align_top header-sector header-sector-left bt_bb_section_show_right_boxed_content\" ><div class=\"bt_bb_port\"><div class=\"bt_bb_cell\"><div class=\"bt_bb_cell_inner\"><div class=\"bt_bb_row_wrapper\"><div  class=\"bt_bb_row\" ><div  class=\"bt_bb_column col-xl-6 col-xs-12 col-sm-6 col-md-6 col-lg-6 info_header-sector bt_bb_align_left bt_bb_vertical_align_top bt_bb_animation_fade_in animate bt_bb_padding_normal bt_bb_order_md_2 bt_bb_order_sm_2 bt_bb_order_xs_2 bt_bb_animation_fade_in animate\"  data-width=\"6\" data-bt-override-class=\"{&quot;bt_bb_align_&quot;:{&quot;current_class&quot;:&quot;bt_bb_align_left&quot;,&quot;xl&quot;:&quot;left&quot;}}\"><div class=\"bt_bb_column_content\"><div class=\"bt_bb_separator bt_bb_bottom_spacing_large bt_bb_border_style_none\"><\/div><header class=\"bt_bb_headline bt_bb_font_weight_bold bt_bb_dash_none bt_bb_size_large bt_bb_align_inherit\" data-bt-override-class=\"{&quot;bt_bb_size_&quot;:{&quot;current_class&quot;:&quot;bt_bb_size_large&quot;,&quot;xl&quot;:&quot;large&quot;},&quot;bt_bb_align_&quot;:{&quot;current_class&quot;:&quot;bt_bb_align_inherit&quot;,&quot;xl&quot;:&quot;inherit&quot;}}\"><h1 style=\"font-size:50px\" class=\"bt_bb_headline_tag\"><span class=\"bt_bb_headline_content\"><span>Youtec<\/span><\/span><\/h1><\/header><div class=\"bt_bb_separator bt_bb_bottom_spacing_normal bt_bb_border_style_none\"><\/div><header class=\"bt_bb_headline texto-italic bt_bb_font_weight_bold bt_bb_dash_none bt_bb_size_normal bt_bb_align_inherit\" data-bt-override-class=\"{&quot;bt_bb_size_&quot;:{&quot;current_class&quot;:&quot;bt_bb_size_normal&quot;,&quot;xl&quot;:&quot;normal&quot;},&quot;bt_bb_align_&quot;:{&quot;current_class&quot;:&quot;bt_bb_align_inherit&quot;,&quot;xl&quot;:&quot;inherit&quot;}}\"><h2 class=\"bt_bb_headline_tag\"><span class=\"bt_bb_headline_content\"><span><b>Politique d'\u00e9galit\u00e9 et d'inclusionn<\/b><\/span><\/span><\/h2><\/header><div class=\"bt_bb_separator bt_bb_bottom_spacing_normal bt_bb_border_style_none\"><\/div><div class=\"bt_bb_separator bt_bb_top_spacing_small bt_bb_bottom_spacing_small bt_bb_border_style_solid\" style=\"border-color: #e2d5c6;; border-width: 3px\"><\/div><div class=\"bt_bb_separator bt_bb_bottom_spacing_normal bt_bb_border_style_none\"><\/div><div  class=\"bt_bb_text\" style=\"font-size:14px;\"><p>Ces obligations ont pour but le respect de la loi, l&rsquo;\u00e9galit\u00e9 et l&rsquo;inclusion de tous, afin de garantir la non-discrimination quelle qu&rsquo;en soit la raison. La t\u00e2che de l&rsquo;administration est de mettre en \u0153uvre, de r\u00e9viser et de mettre \u00e0 jour ces obligations.<\/p>\n<p>En vertu de cette politique, tous les employ\u00e9s acqui\u00e8rent la responsabilit\u00e9 individuelle d&rsquo;assurer l&rsquo;\u00e9galit\u00e9 des chances et la non-discrimination, de communiquer tout soup\u00e7on ou pr\u00e9somption de pratiques discriminatoires ainsi que de s&rsquo;abstenir de harceler ou d&rsquo;intimider d&rsquo;autres employ\u00e9s, clients ou visiteurs pour l&rsquo;une des raisons cit\u00e9es dans cette politique.<\/p>\n<\/div><div class=\"bt_bb_separator bt_bb_bottom_spacing_medium bt_bb_border_style_none\"><\/div><\/div><\/div><div  class=\"bt_bb_column col-xl-6 col-xs-12 col-sm-6 col-md-6 col-lg-6 image_header-sector bt_bb_align_right bt_bb_vertical_align_bottom bt_bb_padding_normal bt_bb_order_md_1 bt_bb_order_sm_1 bt_bb_order_xs_1 btLazyLoadBackground bt_bb_column_background_image bt_bb_mobile_align_to_both_edges\" style=\"padding-right: 0;background-image:url(&#039;https:\/\/www.youteconsulting.com\/wp-content\/plugins\/bold-page-builder\/img\/blank.gif&#039;);background-size:cover;\" data-background_image_src='https:\/\/www.youteconsulting.com\/wp-content\/uploads\/2021\/05\/1.jpg' data-width=\"6\" data-bt-override-class=\"{&quot;bt_bb_align_&quot;:{&quot;current_class&quot;:&quot;bt_bb_align_right&quot;,&quot;xl&quot;:&quot;right&quot;}}\"><div class=\"bt_bb_column_content\"><\/div><\/div><\/div><\/div><\/div><\/div><\/div><\/section><section id=\"bt_bb_section69e1f7f0e4b30\"  class=\"bt_bb_section bt_bb_top_spacing_large bt_bb_layout_boxed_1200 bt_bb_vertical_align_top background-sector\" style=\"background-position:130% 100% !important;background-size:640px !important;\"><div class=\"bt_bb_port\"><div class=\"bt_bb_cell\"><div class=\"bt_bb_cell_inner\"><div class=\"bt_bb_row_wrapper\"><div  class=\"bt_bb_row\" ><div  class=\"bt_bb_column col-xl-6 col-xs-12 col-sm-12 col-md-12 col-lg-6 digitalizacion_col1 bt_bb_align_left bt_bb_vertical_align_top bt_bb_animation_fade_in move_up animate bt_bb_padding_normal bt_bb_animation_fade_in bt_bb_animation_move_up animate\"  data-width=\"6\" data-bt-override-class=\"{&quot;bt_bb_align_&quot;:{&quot;current_class&quot;:&quot;bt_bb_align_left&quot;,&quot;xl&quot;:&quot;left&quot;}}\"><div class=\"bt_bb_column_content\"><div class=\"bt_bb_floating_element bt_bb_floating_element_horizontal_position_left bt_bb_floating_element_vertical_position_bottom bt_bb_floating_element_animation_delay_default bt_bb_floating_element_animation_duration_700 bt_bb_floating_element_animation_style_ease_out\" style=\"transform: translateY(-60%); margin-left: -60px; mix-blend-mode: multiply;\" data-speed=\"0.6\"><div class=\"bt_bb_floating_element_html\" data-speed=\"0.6\"><span  style=\"height: 145px; width: 145px; transform-origin: 0 0; transform: skewy(-45deg);background-color: rgba(247, 152, 57, 1);\"><\/span><\/div><\/div><div class=\"bt_bb_floating_element bt_bb_floating_element_horizontal_position_right bt_bb_floating_element_vertical_position_top bt_bb_floating_element_animation_delay_default bt_bb_floating_element_animation_duration_default bt_bb_floating_element_animation_style_ease_out\" style=\"margin-top: 1em; margin-right: 650px;\" data-speed=\"0.6\"><div class=\"bt_bb_floating_element_html\" data-speed=\"0.6\"><span  style=\"height: 4px; width: 34px; transform-origin: 0 0; transform: rotate(-45deg); border-radius: 3px;background-color: rgba(226, 213, 198, 1);\"><\/span><\/div><\/div><div class=\"bt_bb_floating_element bt_bb_floating_element_horizontal_position_right bt_bb_floating_element_vertical_position_top bt_bb_floating_element_animation_delay_default bt_bb_floating_element_animation_duration_default bt_bb_floating_element_animation_style_ease_out\" style=\"margin-right: 720px; margin-top: 12em;\" data-speed=\"1.8\"><div class=\"bt_bb_floating_element_html\" data-speed=\"1.8\"><span  style=\"height: 2px; width: 80px; transform-origin: 0 0; transform: rotate(-45deg);background-color:rgb(247,153,59);\"><\/span><\/div><\/div><div class=\"bt_bb_image bt_bb_shape_square bt_bb_align_inherit bt_bb_hover_style_simple bt_bb_content_display_always bt_bb_content_align_middle bt_bb_fill_background_color_full\" style=\"max-width: 660px; margin-left: auto;\" data-bt-override-class=\"{&quot;bt_bb_align_&quot;:{&quot;current_class&quot;:&quot;bt_bb_align_inherit&quot;,&quot;xl&quot;:&quot;inherit&quot;}}\"><span><img width=\"510\" height=\"539\" src=\"https:\/\/www.youteconsulting.com\/wp-content\/uploads\/2021\/05\/2.jpg\" class=\"attachment-full size-full\" alt=\"https:\/\/www.youteconsulting.com\/wp-content\/uploads\/2021\/05\/2.jpg\" loading=\"lazy\" data-full_image_src=\"https:\/\/www.youteconsulting.com\/wp-content\/uploads\/2021\/05\/2.jpg\" title=\"2\" srcset=\"https:\/\/www.youteconsulting.com\/wp-content\/uploads\/2021\/05\/2.jpg 510w, https:\/\/www.youteconsulting.com\/wp-content\/uploads\/2021\/05\/2-320x338.jpg 320w\" sizes=\"(max-width: 510px) 100vw, 510px\" \/><\/span><\/div><div class=\"bt_bb_floating_element bt_bb_floating_element_horizontal_position_right bt_bb_floating_element_vertical_position_bottom bt_bb_floating_element_animation_delay_default bt_bb_floating_element_animation_duration_default bt_bb_floating_element_animation_style_ease_out\" style=\"transform: translateX(50%); margin-bottom: 10em;\" data-speed=\"2.0\"><div class=\"bt_bb_floating_element_html\" data-speed=\"2.0\"><span  style=\"height: 4px; width: 125px; transform-origin: 0 0; transform: rotate(-45deg); border-radius: 3px;background-color: rgba(226, 213, 198, 1);\"><\/span><\/div><\/div><\/div><\/div><div  class=\"bt_bb_column col-xl-6 col-xs-12 col-sm-12 col-md-12 col-lg-6 bt_bb_align_left bt_bb_vertical_align_top bt_bb_animation_fade_in move_up animate bt_bb_padding_normal bt_bb_animation_fade_in bt_bb_animation_move_up animate\" style=\"position: relative;\" data-width=\"6\" data-bt-override-class=\"{&quot;bt_bb_align_&quot;:{&quot;current_class&quot;:&quot;bt_bb_align_left&quot;,&quot;xl&quot;:&quot;left&quot;}}\"><div class=\"bt_bb_column_content\"><div  class=\"bt_bb_row_inner\" ><div  class=\"bt_bb_column_inner col-xl-12 col-xs-12 col-sm-12 col-md-12 col-lg-12 bt_bb_align_left bt_bb_vertical_align_top bt_bb_padding_normal\"  data-width=\"12\" data-bt-override-class=\"{&quot;bt_bb_align_&quot;:{&quot;current_class&quot;:&quot;bt_bb_align_left&quot;,&quot;xl&quot;:&quot;left&quot;}}\"><div class=\"bt_bb_column_inner_content\"><div class=\"bt_bb_separator bt_bb_bottom_spacing_normal bt_bb_border_style_none\"><\/div><div  class=\"bt_bb_text\" style=\"font-size:14px;\"><p>Youtec construit constamment une soci\u00e9t\u00e9 avec une grande vari\u00e9t\u00e9 d&rsquo;ethnies, de cultures, de croyances et de langues. La diversit\u00e9 qui fait de YOUTEC une entreprise innovante et cr\u00e9ative. Dans cette ligne, nous avons diff\u00e9rentes obligations:<\/p>\n<div class=\"steps-list-v2\">\n<ul>\n<li>Promouvoir l&rsquo;\u00e9galit\u00e9 et l&rsquo;inclusion, le genre et l&rsquo;origine, du management au plus haut niveau.<\/li>\n<li>Construire par l&rsquo;innovation, l&rsquo;inclusion et le respect culturel, en le comprenant comme base d&rsquo;une soci\u00e9t\u00e9 en faveur du processus.<\/li>\n<li>Traiter tous les \u00eatres humains \u00e9quitablement au travail, ce qui inclut le respect et la d\u00e9fense des droits humains et de la non-discrimination sans exception.<\/li>\n<li>Nous avons comme priorit\u00e9 d&rsquo;assurer la sant\u00e9, la s\u00e9curit\u00e9 et le bien-\u00eatre de tous ceux qui composent l&rsquo;environnement de travail de YOUTEC.<\/li>\n<li>Encourager l&rsquo;\u00e9ducation, la formation et le d\u00e9veloppement professionnel de tous les \u00eatres humains.<\/li>\n<li>Promouvoir l&rsquo;\u00e9galit\u00e9 par des initiatives communautaires.<\/li>\n<\/ul>\n<\/div>\n<\/div><\/div><\/div><\/div><\/div><\/div><\/div><\/div><\/div><\/div><\/div><\/section><section id=\"bt_bb_section69e1f7f0e5244\"  class=\"bt_bb_section bt_bb_top_spacing_large bt_bb_layout_boxed_1200 bt_bb_vertical_align_top background-sector\" style=\"background-position:130% 100% !important;background-size:640px !important;\"><div class=\"bt_bb_port\"><div class=\"bt_bb_cell\"><div class=\"bt_bb_cell_inner\"><div class=\"bt_bb_row_wrapper\"><div  class=\"bt_bb_row\" ><\/div><\/div><\/div><\/div><\/div><\/section><\/div>","protected":false},"excerpt":{"rendered":"","protected":false},"author":1,"featured_media":0,"parent":4786,"menu_order":0,"comment_status":"closed","ping_status":"closed","template":"","meta":[],"_links":{"self":[{"href":"https:\/\/www.youteconsulting.com\/fr\/wp-json\/wp\/v2\/pages\/4672"}],"collection":[{"href":"https:\/\/www.youteconsulting.com\/fr\/wp-json\/wp\/v2\/pages"}],"about":[{"href":"https:\/\/www.youteconsulting.com\/fr\/wp-json\/wp\/v2\/types\/page"}],"author":[{"embeddable":true,"href":"https:\/\/www.youteconsulting.com\/fr\/wp-json\/wp\/v2\/users\/1"}],"replies":[{"embeddable":true,"href":"https:\/\/www.youteconsulting.com\/fr\/wp-json\/wp\/v2\/comments?post=4672"}],"version-history":[{"count":7,"href":"https:\/\/www.youteconsulting.com\/fr\/wp-json\/wp\/v2\/pages\/4672\/revisions"}],"predecessor-version":[{"id":5144,"href":"https:\/\/www.youteconsulting.com\/fr\/wp-json\/wp\/v2\/pages\/4672\/revisions\/5144"}],"up":[{"embeddable":true,"href":"https:\/\/www.youteconsulting.com\/fr\/wp-json\/wp\/v2\/pages\/4786"}],"wp:attachment":[{"href":"https:\/\/www.youteconsulting.com\/fr\/wp-json\/wp\/v2\/media?parent=4672"}],"curies":[{"name":"wp","href":"https:\/\/api.w.org\/{rel}","templated":true}]}}